{"id":3,"date":"2024-01-12T07:43:49","date_gmt":"2024-01-12T07:43:49","guid":{"rendered":"http:\/\/127.0.0.1\/?page_id=3"},"modified":"2024-01-18T19:26:43","modified_gmt":"2024-01-18T19:26:43","slug":"privacy-policy","status":"publish","type":"page","link":"https:\/\/www.smartaicare.com\/es\/privacy-policy\/","title":{"rendered":"pol\u00edtica de privacidad"},"content":{"rendered":"<p>En Smart AiCare, accesible desde www.smartaicar.com, una de nuestras principales prioridades es la privacidad de nuestros visitantes. Este documento de Pol\u00edtica de privacidad contiene tipos de informaci\u00f3n que Smart AiCare recopila y registra y c\u00f3mo la usamos.<\/p>\n\n\n\n<p>Si tiene preguntas adicionales o requiere m\u00e1s informaci\u00f3n sobre nuestra Pol\u00edtica de Privacidad, no dude en contactarnos.<\/p>\n\n\n\n<p>Esta Pol\u00edtica de Privacidad se aplica solo a nuestras actividades en l\u00ednea y es v\u00e1lida para los visitantes de nuestro sitio web con respecto a la informaci\u00f3n que compartieron y\/o recopilaron en Smart AiCare. Esta pol\u00edtica no se aplica a ninguna informaci\u00f3n recopilada fuera de l\u00ednea o a trav\u00e9s de canales distintos a este sitio web.<\/p>\n\n\n\n<h3 class=\"wp-block-heading\"><strong>Consentir<\/strong><\/h3>\n\n\n\n<p>Al utilizar nuestro sitio web, por la presente usted acepta nuestra Pol\u00edtica de privacidad y acepta sus t\u00e9rminos.<\/p>\n\n\n\n<h3 class=\"wp-block-heading\"><strong>Informaci\u00f3n que recopilamos<\/strong><\/h3>\n\n\n\n<p>La informaci\u00f3n personal que se le solicita que proporcione y los motivos por los que se le solicita que la proporcione se le aclarar\u00e1n en el momento en que le solicitemos que proporcione su informaci\u00f3n personal.<\/p>\n\n\n\n<p>Si se comunica con nosotros directamente, podemos recibir informaci\u00f3n adicional sobre usted, como su nombre, direcci\u00f3n de correo electr\u00f3nico, n\u00famero de tel\u00e9fono, el contenido del mensaje y\/o los archivos adjuntos que pueda enviarnos, y cualquier otra informaci\u00f3n que elija proporcionar.<\/p>\n\n\n\n<p>Cuando se registra para obtener una Cuenta, podemos solicitarle su informaci\u00f3n de contacto, incluidos elementos como nombre, nombre de la empresa, direcci\u00f3n, direcci\u00f3n de correo electr\u00f3nico y n\u00famero de tel\u00e9fono.<\/p>\n\n\n\n<h3 class=\"wp-block-heading\"><strong>C\u00f3mo utilizamos su informaci\u00f3n<\/strong><\/h3>\n\n\n\n<p>Usamos la informaci\u00f3n que recopilamos de varias maneras, incluyendo para:<\/p>\n\n\n\n<ul>\n<li>Proporcionar, operar y mantener nuestro sitio web.<\/li>\n\n\n\n<li>Mejorar, personalizar y ampliar nuestro sitio web<\/li>\n\n\n\n<li>Comprender y analizar c\u00f3mo utiliza nuestro sitio web<\/li>\n\n\n\n<li>Desarrollar nuevos productos, servicios, caracter\u00edsticas y funcionalidades.<\/li>\n\n\n\n<li>Comunicarnos con usted, ya sea directamente o a trav\u00e9s de uno de nuestros socios, incluso para servicio al cliente, para brindarle actualizaciones y otra informaci\u00f3n relacionada con el sitio web y con fines promocionales y de marketing.<\/li>\n\n\n\n<li>Enviarte correos electr\u00f3nicos<\/li>\n\n\n\n<li>Encuentre y prevenga el fraude<\/li>\n<\/ul>\n\n\n\n<h3 class=\"wp-block-heading\"><strong>Archivos de registro<\/strong><\/h3>\n\n\n\n<p>Smart AiCare sigue un procedimiento est\u00e1ndar de uso de archivos de registro. Estos archivos registran a los visitantes cuando visitan sitios web. Todas las empresas de hosting hacen esto y forman parte del an\u00e1lisis de los servicios de hosting. La informaci\u00f3n recopilada por los archivos de registro incluye direcciones de protocolo de Internet (IP), tipo de navegador, proveedor de servicios de Internet (ISP), marca de fecha y hora, p\u00e1ginas de referencia\/salida y posiblemente la cantidad de clics. Estos no est\u00e1n vinculados a ninguna informaci\u00f3n que sea de identificaci\u00f3n personal. El prop\u00f3sito de la informaci\u00f3n es analizar tendencias, administrar el sitio, rastrear el movimiento de los usuarios en el sitio web y recopilar informaci\u00f3n demogr\u00e1fica.<\/p>\n\n\n\n<h3 class=\"wp-block-heading\"><strong>Cookies y balizas web<\/strong><\/h3>\n\n\n\n<p>Como cualquier otro sitio web, Smart AiCare utiliza &#039;cookies&#039;. Estas cookies se utilizan para almacenar informaci\u00f3n, incluidas las preferencias de los visitantes y las p\u00e1ginas del sitio web a las que el visitante accedi\u00f3 o visit\u00f3. La informaci\u00f3n se utiliza para optimizar la experiencia de los usuarios personalizando el contenido de nuestra p\u00e1gina web seg\u00fan el tipo de navegador de los visitantes y\/u otra informaci\u00f3n.<\/p>\n\n\n\n<h3 class=\"wp-block-heading\"><strong>Cookie DART de doble clic de Google<\/strong><\/h3>\n\n\n\n<p>Google es uno de los proveedores externos de nuestro sitio. Tambi\u00e9n utiliza cookies, conocidas como cookies DART, para mostrar anuncios a los visitantes de nuestro sitio en funci\u00f3n de su visita a www.website.com y otros sitios en Internet. Sin embargo, los visitantes pueden optar por rechazar el uso de cookies de DART visitando la Pol\u00edtica de privacidad de la red de contenido y publicidad de Google en la siguiente URL:&nbsp;<a href=\"https:\/\/policies.google.com\/technologies\/ads\">https:\/\/policies.google.com\/technologies\/ads<\/a><\/p>\n\n\n\n<h3 class=\"wp-block-heading\"><strong>Nuestros socios publicitarios<\/strong><\/h3>\n\n\n\n<p>Algunos de los anunciantes de nuestro sitio pueden utilizar cookies y balizas web. Nuestros socios publicitarios se enumeran a continuaci\u00f3n. Cada uno de nuestros socios publicitarios tiene su propia Pol\u00edtica de Privacidad para sus pol\u00edticas sobre datos de usuarios. Para un acceso m\u00e1s f\u00e1cil, hemos creado un hiperv\u00ednculo a sus Pol\u00edticas de privacidad a continuaci\u00f3n.<\/p>\n\n\n\n<ul>\n<li>Google<\/li>\n<\/ul>\n\n\n\n<figure class=\"wp-block-embed\">\nhttps:\/\/policies.google.com\/technologies\/ads\n<\/figure>\n\n\n\n<h3 class=\"wp-block-heading\"><strong>Pol\u00edticas de privacidad de los socios publicitarios<\/strong><\/h3>\n\n\n\n<p>Puede consultar esta lista para encontrar la Pol\u00edtica de Privacidad de cada uno de los socios publicitarios de Smart AiCare.<\/p>\n\n\n\n<p>Los servidores o redes publicitarias de terceros utilizan tecnolog\u00edas como cookies, JavaScript o Web Beacons que se utilizan en sus respectivos anuncios y enlaces que aparecen en Smart AiCare, que se env\u00edan directamente al navegador de los usuarios. Reciben autom\u00e1ticamente su direcci\u00f3n IP cuando esto ocurre. Estas tecnolog\u00edas se utilizan para medir la efectividad de sus campa\u00f1as publicitarias y\/o para personalizar el contenido publicitario que ve en los sitios web que visita.<\/p>\n\n\n\n<p>Tenga en cuenta que Smart AiCare no tiene acceso ni control sobre estas cookies que utilizan los anunciantes externos.<\/p>\n\n\n\n<h3 class=\"wp-block-heading\"><strong>Pol\u00edticas de privacidad de terceros<\/strong><\/h3>\n\n\n\n<p>La Pol\u00edtica de Privacidad de Smart AiCare no se aplica a otros anunciantes o sitios web. Por lo tanto, le recomendamos que consulte las respectivas Pol\u00edticas de Privacidad de estos servidores de anuncios de terceros para obtener informaci\u00f3n m\u00e1s detallada. Puede incluir sus pr\u00e1cticas e instrucciones sobre c\u00f3mo darse de baja de ciertas opciones.<\/p>\n\n\n\n<p>Puede optar por desactivar las cookies a trav\u00e9s de las opciones individuales de su navegador. Para conocer informaci\u00f3n m\u00e1s detallada sobre la gesti\u00f3n de cookies con navegadores web espec\u00edficos, puede encontrarla en los sitios web respectivos de los navegadores.<\/p>\n\n\n\n<h3 class=\"wp-block-heading\"><strong>Derechos de privacidad CCPA (no vender mi informaci\u00f3n personal)<\/strong><\/h3>\n\n\n\n<p>Seg\u00fan la CCPA, entre otros derechos, los consumidores de California tienen derecho a:<\/p>\n\n\n\n<p>Solicitar que una empresa que recopila datos personales de un consumidor revele las categor\u00edas y datos personales espec\u00edficos que una empresa ha recopilado sobre los consumidores.<\/p>\n\n\n\n<p>Solicitar que una empresa elimine cualquier dato personal sobre el consumidor que haya recopilado.<\/p>\n\n\n\n<p>Solicitar que una empresa que vende datos personales de un consumidor no venda los datos personales del consumidor.<\/p>\n\n\n\n<p>Si realiza una solicitud, tenemos un mes para responderle. Si desea ejercer alguno de estos derechos, p\u00f3ngase en contacto con nosotros.<\/p>\n\n\n\n<h3 class=\"wp-block-heading\"><strong>Derechos de protecci\u00f3n de datos RGPD<\/strong><\/h3>\n\n\n\n<p>Nos gustar\u00eda asegurarnos de que conoce plenamente todos sus derechos de protecci\u00f3n de datos. Todo usuario tiene derecho a lo siguiente:<\/p>\n\n\n\n<p>El derecho de acceso \u2013 Tiene derecho a solicitar copias de sus datos personales. Es posible que le cobremos una peque\u00f1a tarifa por este servicio.<\/p>\n\n\n\n<p>Derecho a rectificaci\u00f3n: tiene derecho a solicitar que corrijamos cualquier informaci\u00f3n que considere inexacta. Tambi\u00e9n tiene derecho a solicitar que completemos la informaci\u00f3n que crea que est\u00e1 incompleta.<\/p>\n\n\n\n<p>El derecho de eliminaci\u00f3n: tiene derecho a solicitar que eliminemos sus datos personales, bajo ciertas condiciones.<\/p>\n\n\n\n<p>El derecho a restringir el procesamiento: tiene derecho a solicitar que restrinjamos el procesamiento de sus datos personales, bajo ciertas condiciones.<\/p>\n\n\n\n<p>El derecho a oponerse al procesamiento: tiene derecho a oponerse a nuestro procesamiento de sus datos personales, bajo ciertas condiciones.<\/p>\n\n\n\n<p>El derecho a la portabilidad de los datos: tiene derecho a solicitar que transfiramos los datos que hemos recopilado a otra organizaci\u00f3n, o directamente a usted, bajo ciertas condiciones.<\/p>\n\n\n\n<p>Si realiza una solicitud, tenemos un mes para responderle. Si desea ejercer alguno de estos derechos, p\u00f3ngase en contacto con nosotros.<\/p>\n\n\n\n<h3 class=\"wp-block-heading\"><strong>Informaci\u00f3n para ni\u00f1os<\/strong><\/h3>\n\n\n\n<p>Otra parte de nuestra prioridad es agregar protecci\u00f3n para los ni\u00f1os mientras usan Internet. Alentamos a los padres y tutores a observar, participar y\/o monitorear y guiar su actividad en l\u00ednea.<\/p>\n\n\n\n<p>Smart AiCare no recopila intencionadamente ninguna informaci\u00f3n de identificaci\u00f3n personal de ni\u00f1os menores de 13 a\u00f1os. Si cree que su hijo proporcion\u00f3 este tipo de informaci\u00f3n en nuestro sitio web, le recomendamos encarecidamente que se comunique con nosotros de inmediato y haremos todo lo posible para solucionarlo de inmediato. eliminar dicha informaci\u00f3n de nuestros registros.<\/p>","protected":false},"excerpt":{"rendered":"<p>At Smart AiCare, accessible from www.smartaicar.com, one of our main priorities is the privacy of our visitors. This Privacy Policy [&hellip;]<\/p>","protected":false},"author":1,"featured_media":0,"parent":0,"menu_order":0,"comment_status":"closed","ping_status":"closed","template":"","meta":{"_acf_changed":false,"site-sidebar-layout":"default","site-content-layout":"","ast-site-content-layout":"","site-content-style":"default","site-sidebar-style":"default","ast-global-header-display":"","ast-banner-title-visibility":"","ast-main-header-display":"","ast-hfb-above-header-display":"","ast-hfb-below-header-display":"","ast-hfb-mobile-header-display":"","site-post-title":"","ast-breadcrumbs-content":"","ast-featured-img":"","footer-sml-layout":"","theme-transparent-header-meta":"","adv-header-id-meta":"","stick-header-meta":"","header-above-stick-meta":"","header-main-stick-meta":"","header-below-stick-meta":"","astra-migrate-meta-layouts":"default","ast-page-background-enabled":"default","ast-page-background-meta":{"desktop":{"background-color":"var(--ast-global-color-4)","background-image":"","background-repeat":"repeat","background-position":"center center","background-size":"auto","background-attachment":"scroll","background-type":"","background-media":"","overlay-type":"","overlay-color":"","overlay-gradient":""},"tablet":{"background-color":"","background-image":"","background-repeat":"repeat","background-position":"center center","background-size":"auto","background-attachment":"scroll","background-type":"","background-media":"","overlay-type":"","overlay-color":"","overlay-gradient":""},"mobile":{"background-color":"","background-image":"","background-repeat":"repeat","background-position":"center center","background-size":"auto","background-attachment":"scroll","background-type":"","background-media":"","overlay-type":"","overlay-color":"","overlay-gradient":""}},"ast-content-background-meta":{"desktop":{"background-color":"var(--ast-global-color-5)","background-image":"","background-repeat":"repeat","background-position":"center center","background-size":"auto","background-attachment":"scroll","background-type":"","background-media":"","overlay-type":"","overlay-color":"","overlay-gradient":""},"tablet":{"background-color":"var(--ast-global-color-5)","background-image":"","background-repeat":"repeat","background-position":"center center","background-size":"auto","background-attachment":"scroll","background-type":"","background-media":"","overlay-type":"","overlay-color":"","overlay-gradient":""},"mobile":{"background-color":"var(--ast-global-color-5)","background-image":"","background-repeat":"repeat","background-position":"center center","background-size":"auto","background-attachment":"scroll","background-type":"","background-media":"","overlay-type":"","overlay-color":"","overlay-gradient":""}},"footnotes":""},"acf":[],"_links":{"self":[{"href":"https:\/\/www.smartaicare.com\/es\/wp-json\/wp\/v2\/pages\/3"}],"collection":[{"href":"https:\/\/www.smartaicare.com\/es\/wp-json\/wp\/v2\/pages"}],"about":[{"href":"https:\/\/www.smartaicare.com\/es\/wp-json\/wp\/v2\/types\/page"}],"author":[{"embeddable":true,"href":"https:\/\/www.smartaicare.com\/es\/wp-json\/wp\/v2\/users\/1"}],"replies":[{"embeddable":true,"href":"https:\/\/www.smartaicare.com\/es\/wp-json\/wp\/v2\/comments?post=3"}],"version-history":[{"count":0,"href":"https:\/\/www.smartaicare.com\/es\/wp-json\/wp\/v2\/pages\/3\/revisions"}],"wp:attachment":[{"href":"https:\/\/www.smartaicare.com\/es\/wp-json\/wp\/v2\/media?parent=3"}],"curies":[{"name":"wp","href":"https:\/\/api.w.org\/{rel}","templated":true}]}}