{"id":3,"date":"2024-01-12T07:43:49","date_gmt":"2024-01-12T07:43:49","guid":{"rendered":"http:\/\/127.0.0.1\/?page_id=3"},"modified":"2024-01-18T19:26:43","modified_gmt":"2024-01-18T19:26:43","slug":"privacy-policy","status":"publish","type":"page","link":"https:\/\/www.smartaicare.com\/vi\/privacy-policy\/","title":{"rendered":"Ch\u00ednh s\u00e1ch b\u1ea3o m\u1eadt"},"content":{"rendered":"<p>T\u1ea1i Smart AiCare, c\u00f3 th\u1ec3 truy c\u1eadp t\u1eeb www.smartaicar.com, m\u1ed9t trong nh\u1eefng \u01b0u ti\u00ean ch\u00ednh c\u1ee7a ch\u00fang t\u00f4i l\u00e0 quy\u1ec1n ri\u00eang t\u01b0 c\u1ee7a kh\u00e1ch truy c\u1eadp. T\u00e0i li\u1ec7u Ch\u00ednh s\u00e1ch quy\u1ec1n ri\u00eang t\u01b0 n\u00e0y ch\u1ee9a c\u00e1c lo\u1ea1i th\u00f4ng tin \u0111\u01b0\u1ee3c Smart AiCare thu th\u1eadp v\u00e0 ghi l\u1ea1i c\u0169ng nh\u01b0 c\u00e1ch ch\u00fang t\u00f4i s\u1eed d\u1ee5ng th\u00f4ng tin \u0111\u00f3.<\/p>\n\n\n\n<p>N\u1ebfu b\u1ea1n c\u00f3 th\u00eam c\u00e2u h\u1ecfi ho\u1eb7c c\u1ea7n th\u00eam th\u00f4ng tin v\u1ec1 Ch\u00ednh s\u00e1ch quy\u1ec1n ri\u00eang t\u01b0 c\u1ee7a ch\u00fang t\u00f4i, vui l\u00f2ng li\u00ean h\u1ec7 v\u1edbi ch\u00fang t\u00f4i.<\/p>\n\n\n\n<p>Ch\u00ednh s\u00e1ch quy\u1ec1n ri\u00eang t\u01b0 n\u00e0y ch\u1ec9 \u00e1p d\u1ee5ng cho c\u00e1c ho\u1ea1t \u0111\u1ed9ng tr\u1ef1c tuy\u1ebfn c\u1ee7a ch\u00fang t\u00f4i v\u00e0 c\u00f3 hi\u1ec7u l\u1ef1c \u0111\u1ed1i v\u1edbi kh\u00e1ch truy c\u1eadp trang web c\u1ee7a ch\u00fang t\u00f4i li\u00ean quan \u0111\u1ebfn th\u00f4ng tin h\u1ecd \u0111\u00e3 chia s\u1ebb v\u00e0\/ho\u1eb7c thu th\u1eadp trong Smart AiCare. Ch\u00ednh s\u00e1ch n\u00e0y kh\u00f4ng \u00e1p d\u1ee5ng cho b\u1ea5t k\u1ef3 th\u00f4ng tin n\u00e0o \u0111\u01b0\u1ee3c thu th\u1eadp ngo\u1ea1i tuy\u1ebfn ho\u1eb7c qua c\u00e1c k\u00eanh kh\u00e1c ngo\u00e0i trang web n\u00e0y.<\/p>\n\n\n\n<h3 class=\"wp-block-heading\"><strong>B\u1eb1ng l\u00f2ng<\/strong><\/h3>\n\n\n\n<p>B\u1eb1ng c\u00e1ch s\u1eed d\u1ee5ng trang web c\u1ee7a ch\u00fang t\u00f4i, b\u1ea1n \u0111\u1ed3ng \u00fd v\u1edbi Ch\u00ednh s\u00e1ch quy\u1ec1n ri\u00eang t\u01b0 c\u1ee7a ch\u00fang t\u00f4i v\u00e0 \u0111\u1ed3ng \u00fd v\u1edbi c\u00e1c \u0111i\u1ec1u kho\u1ea3n c\u1ee7a n\u00f3.<\/p>\n\n\n\n<h3 class=\"wp-block-heading\"><strong>Th\u00f4ng tin ch\u00fang t\u00f4i thu th\u1eadp<\/strong><\/h3>\n\n\n\n<p>Th\u00f4ng tin c\u00e1 nh\u00e2n m\u00e0 b\u1ea1n \u0111\u01b0\u1ee3c y\u00eau c\u1ea7u cung c\u1ea5p v\u00e0 l\u00fd do t\u1ea1i sao b\u1ea1n \u0111\u01b0\u1ee3c y\u00eau c\u1ea7u cung c\u1ea5p th\u00f4ng tin \u0111\u00f3 s\u1ebd \u0111\u01b0\u1ee3c th\u00f4ng b\u00e1o r\u00f5 r\u00e0ng cho b\u1ea1n t\u1ea1i th\u1eddi \u0111i\u1ec3m ch\u00fang t\u00f4i y\u00eau c\u1ea7u b\u1ea1n cung c\u1ea5p th\u00f4ng tin c\u00e1 nh\u00e2n c\u1ee7a m\u00ecnh.<\/p>\n\n\n\n<p>N\u1ebfu b\u1ea1n li\u00ean h\u1ec7 tr\u1ef1c ti\u1ebfp v\u1edbi ch\u00fang t\u00f4i, ch\u00fang t\u00f4i c\u00f3 th\u1ec3 nh\u1eadn \u0111\u01b0\u1ee3c th\u00f4ng tin b\u1ed5 sung v\u1ec1 b\u1ea1n nh\u01b0 t\u00ean, \u0111\u1ecba ch\u1ec9 email, s\u1ed1 \u0111i\u1ec7n tho\u1ea1i, n\u1ed9i dung tin nh\u1eafn v\u00e0\/ho\u1eb7c t\u1ec7p \u0111\u00ednh k\u00e8m m\u00e0 b\u1ea1n c\u00f3 th\u1ec3 g\u1eedi cho ch\u00fang t\u00f4i v\u00e0 b\u1ea5t k\u1ef3 th\u00f4ng tin n\u00e0o kh\u00e1c m\u00e0 b\u1ea1n c\u00f3 th\u1ec3 ch\u1ecdn cung c\u1ea5p.<\/p>\n\n\n\n<p>Khi b\u1ea1n \u0111\u0103ng k\u00fd T\u00e0i kho\u1ea3n, ch\u00fang t\u00f4i c\u00f3 th\u1ec3 y\u00eau c\u1ea7u th\u00f4ng tin li\u00ean h\u1ec7 c\u1ee7a b\u1ea1n, bao g\u1ed3m c\u00e1c m\u1ee5c nh\u01b0 t\u00ean, t\u00ean c\u00f4ng ty, \u0111\u1ecba ch\u1ec9, \u0111\u1ecba ch\u1ec9 email v\u00e0 s\u1ed1 \u0111i\u1ec7n tho\u1ea1i.<\/p>\n\n\n\n<h3 class=\"wp-block-heading\"><strong>C\u00e1ch ch\u00fang t\u00f4i s\u1eed d\u1ee5ng th\u00f4ng tin c\u1ee7a b\u1ea1n<\/strong><\/h3>\n\n\n\n<p>Ch\u00fang t\u00f4i s\u1eed d\u1ee5ng th\u00f4ng tin ch\u00fang t\u00f4i thu th\u1eadp theo nhi\u1ec1u c\u00e1ch kh\u00e1c nhau, bao g\u1ed3m:<\/p>\n\n\n\n<ul>\n<li>Cung c\u1ea5p, v\u1eadn h\u00e0nh v\u00e0 b\u1ea3o tr\u00ec trang web c\u1ee7a ch\u00fang t\u00f4i<\/li>\n\n\n\n<li>C\u1ea3i thi\u1ec7n, c\u00e1 nh\u00e2n h\u00f3a v\u00e0 m\u1edf r\u1ed9ng trang web c\u1ee7a ch\u00fang t\u00f4i<\/li>\n\n\n\n<li>Hi\u1ec3u v\u00e0 ph\u00e2n t\u00edch c\u00e1ch b\u1ea1n s\u1eed d\u1ee5ng trang web c\u1ee7a ch\u00fang t\u00f4i<\/li>\n\n\n\n<li>Ph\u00e1t tri\u1ec3n c\u00e1c s\u1ea3n ph\u1ea9m, d\u1ecbch v\u1ee5, t\u00ednh n\u0103ng v\u00e0 ch\u1ee9c n\u0103ng m\u1edbi<\/li>\n\n\n\n<li>Li\u00ean l\u1ea1c v\u1edbi b\u1ea1n, tr\u1ef1c ti\u1ebfp ho\u1eb7c th\u00f4ng qua m\u1ed9t trong c\u00e1c \u0111\u1ed1i t\u00e1c c\u1ee7a ch\u00fang t\u00f4i, bao g\u1ed3m c\u1ea3 d\u1ecbch v\u1ee5 kh\u00e1ch h\u00e0ng, \u0111\u1ec3 cung c\u1ea5p cho b\u1ea1n th\u00f4ng tin c\u1eadp nh\u1eadt v\u00e0 th\u00f4ng tin kh\u00e1c li\u00ean quan \u0111\u1ebfn trang web c\u0169ng nh\u01b0 cho m\u1ee5c \u0111\u00edch ti\u1ebfp th\u1ecb v\u00e0 qu\u1ea3ng c\u00e1o<\/li>\n\n\n\n<li>G\u1eedi email cho b\u1ea1n<\/li>\n\n\n\n<li>T\u00ecm v\u00e0 ng\u0103n ch\u1eb7n gian l\u1eadn<\/li>\n<\/ul>\n\n\n\n<h3 class=\"wp-block-heading\"><strong>T\u1ec7p nh\u1eadt k\u00fd<\/strong><\/h3>\n\n\n\n<p>Smart AiCare tu\u00e2n theo quy tr\u00ecnh ti\u00eau chu\u1ea9n v\u1ec1 s\u1eed d\u1ee5ng t\u1ec7p nh\u1eadt k\u00fd. Nh\u1eefng t\u1eadp tin n\u00e0y ghi l\u1ea1i kh\u00e1ch truy c\u1eadp khi h\u1ecd truy c\u1eadp trang web. T\u1ea5t c\u1ea3 c\u00e1c c\u00f4ng ty l\u01b0u tr\u1eef \u0111\u1ec1u th\u1ef1c hi\u1ec7n vi\u1ec7c n\u00e0y v\u00e0 l\u00e0 m\u1ed9t ph\u1ea7n trong ph\u00e2n t\u00edch c\u1ee7a d\u1ecbch v\u1ee5 l\u01b0u tr\u1eef. Th\u00f4ng tin \u0111\u01b0\u1ee3c thu th\u1eadp b\u1edfi t\u1ec7p nh\u1eadt k\u00fd bao g\u1ed3m \u0111\u1ecba ch\u1ec9 giao th\u1ee9c internet (IP), lo\u1ea1i tr\u00ecnh duy\u1ec7t, Nh\u00e0 cung c\u1ea5p d\u1ecbch v\u1ee5 Internet (ISP), d\u1ea5u ng\u00e0y v\u00e0 gi\u1edd, trang gi\u1edbi thi\u1ec7u\/tho\u00e1t v\u00e0 c\u00f3 th\u1ec3 c\u1ea3 s\u1ed1 l\u1ea7n nh\u1ea5p chu\u1ed9t. Ch\u00fang kh\u00f4ng \u0111\u01b0\u1ee3c li\u00ean k\u1ebft v\u1edbi b\u1ea5t k\u1ef3 th\u00f4ng tin n\u00e0o c\u00f3 th\u1ec3 nh\u1eadn d\u1ea1ng c\u00e1 nh\u00e2n. M\u1ee5c \u0111\u00edch c\u1ee7a th\u00f4ng tin l\u00e0 \u0111\u1ec3 ph\u00e2n t\u00edch xu h\u01b0\u1edbng, qu\u1ea3n tr\u1ecb trang web, theo d\u00f5i chuy\u1ec3n \u0111\u1ed9ng c\u1ee7a ng\u01b0\u1eddi d\u00f9ng tr\u00ean trang web v\u00e0 thu th\u1eadp th\u00f4ng tin nh\u00e2n kh\u1ea9u h\u1ecdc.<\/p>\n\n\n\n<h3 class=\"wp-block-heading\"><strong>Cookie v\u00e0 \u0111\u00e8n hi\u1ec7u web<\/strong><\/h3>\n\n\n\n<p>Gi\u1ed1ng nh\u01b0 b\u1ea5t k\u1ef3 trang web n\u00e0o kh\u00e1c, Smart AiCare s\u1eed d\u1ee5ng &#039;cookie&#039;. Nh\u1eefng cookie n\u00e0y \u0111\u01b0\u1ee3c s\u1eed d\u1ee5ng \u0111\u1ec3 l\u01b0u tr\u1eef th\u00f4ng tin bao g\u1ed3m t\u00f9y ch\u1ecdn c\u1ee7a kh\u00e1ch truy c\u1eadp v\u00e0 c\u00e1c trang tr\u00ean trang web m\u00e0 kh\u00e1ch truy c\u1eadp \u0111\u00e3 truy c\u1eadp ho\u1eb7c truy c\u1eadp. Th\u00f4ng tin \u0111\u01b0\u1ee3c s\u1eed d\u1ee5ng \u0111\u1ec3 t\u1ed1i \u01b0u h\u00f3a tr\u1ea3i nghi\u1ec7m c\u1ee7a ng\u01b0\u1eddi d\u00f9ng b\u1eb1ng c\u00e1ch t\u00f9y ch\u1ec9nh n\u1ed9i dung trang web c\u1ee7a ch\u00fang t\u00f4i d\u1ef1a tr\u00ean lo\u1ea1i tr\u00ecnh duy\u1ec7t c\u1ee7a kh\u00e1ch truy c\u1eadp v\u00e0\/ho\u1eb7c th\u00f4ng tin kh\u00e1c.<\/p>\n\n\n\n<h3 class=\"wp-block-heading\"><strong>Cookie DART DoubleClick c\u1ee7a Google<\/strong><\/h3>\n\n\n\n<p>Google l\u00e0 m\u1ed9t trong nh\u1eefng nh\u00e0 cung c\u1ea5p b\u00ean th\u1ee9 ba tr\u00ean trang web c\u1ee7a ch\u00fang t\u00f4i. N\u00f3 c\u0169ng s\u1eed d\u1ee5ng cookie, \u0111\u01b0\u1ee3c g\u1ecdi l\u00e0 cookie DART, \u0111\u1ec3 ph\u00e2n ph\u00e1t qu\u1ea3ng c\u00e1o cho kh\u00e1ch truy c\u1eadp trang web c\u1ee7a ch\u00fang t\u00f4i d\u1ef1a tr\u00ean l\u01b0\u1ee3t truy c\u1eadp c\u1ee7a h\u1ecd v\u00e0o www.website.com v\u00e0 c\u00e1c trang web kh\u00e1c tr\u00ean internet. Tuy nhi\u00ean, kh\u00e1ch truy c\u1eadp c\u00f3 th\u1ec3 ch\u1ecdn t\u1eeb ch\u1ed1i s\u1eed d\u1ee5ng cookie DART b\u1eb1ng c\u00e1ch truy c\u1eadp Ch\u00ednh s\u00e1ch b\u1ea3o m\u1eadt c\u1ee7a qu\u1ea3ng c\u00e1o v\u00e0 m\u1ea1ng n\u1ed9i dung Google t\u1ea1i URL sau \u2013&nbsp;<a href=\"https:\/\/policies.google.com\/technologies\/ads\">https:\/\/policies.google.com\/technologies\/ads<\/a><\/p>\n\n\n\n<h3 class=\"wp-block-heading\"><strong>\u0110\u1ed1i t\u00e1c qu\u1ea3ng c\u00e1o c\u1ee7a ch\u00fang t\u00f4i<\/strong><\/h3>\n\n\n\n<p>M\u1ed9t s\u1ed1 nh\u00e0 qu\u1ea3ng c\u00e1o tr\u00ean trang web c\u1ee7a ch\u00fang t\u00f4i c\u00f3 th\u1ec3 s\u1eed d\u1ee5ng cookie v\u00e0 \u0111\u00e8n hi\u1ec7u web. C\u00e1c \u0111\u1ed1i t\u00e1c qu\u1ea3ng c\u00e1o c\u1ee7a ch\u00fang t\u00f4i \u0111\u01b0\u1ee3c li\u1ec7t k\u00ea d\u01b0\u1edbi \u0111\u00e2y. M\u1ed7i \u0111\u1ed1i t\u00e1c qu\u1ea3ng c\u00e1o c\u1ee7a ch\u00fang t\u00f4i \u0111\u1ec1u c\u00f3 Ch\u00ednh s\u00e1ch quy\u1ec1n ri\u00eang t\u01b0 ri\u00eang cho ch\u00ednh s\u00e1ch c\u1ee7a h\u1ecd v\u1ec1 d\u1eef li\u1ec7u ng\u01b0\u1eddi d\u00f9ng. \u0110\u1ec3 truy c\u1eadp d\u1ec5 d\u00e0ng h\u01a1n, ch\u00fang t\u00f4i \u0111\u00e3 li\u00ean k\u1ebft \u0111\u1ebfn Ch\u00ednh s\u00e1ch quy\u1ec1n ri\u00eang t\u01b0 c\u1ee7a h\u1ecd b\u00ean d\u01b0\u1edbi.<\/p>\n\n\n\n<ul>\n<li>Google<\/li>\n<\/ul>\n\n\n\n<figure class=\"wp-block-embed\">\nhttps:\/\/policies.google.com\/technologies\/ads\n<\/figure>\n\n\n\n<h3 class=\"wp-block-heading\"><strong>Ch\u00ednh s\u00e1ch quy\u1ec1n ri\u00eang t\u01b0 c\u1ee7a \u0111\u1ed1i t\u00e1c qu\u1ea3ng c\u00e1o<\/strong><\/h3>\n\n\n\n<p>B\u1ea1n c\u00f3 th\u1ec3 tham kh\u1ea3o danh s\u00e1ch n\u00e0y \u0111\u1ec3 t\u00ecm Ch\u00ednh s\u00e1ch quy\u1ec1n ri\u00eang t\u01b0 cho t\u1eebng \u0111\u1ed1i t\u00e1c qu\u1ea3ng c\u00e1o c\u1ee7a Smart AiCare.<\/p>\n\n\n\n<p>M\u00e1y ch\u1ee7 qu\u1ea3ng c\u00e1o ho\u1eb7c m\u1ea1ng qu\u1ea3ng c\u00e1o c\u1ee7a b\u00ean th\u1ee9 ba s\u1eed d\u1ee5ng c\u00e1c c\u00f4ng ngh\u1ec7 nh\u01b0 cookie, JavaScript ho\u1eb7c Web Beacons \u0111\u01b0\u1ee3c s\u1eed d\u1ee5ng trong c\u00e1c qu\u1ea3ng c\u00e1o v\u00e0 li\u00ean k\u1ebft t\u01b0\u01a1ng \u1ee9ng xu\u1ea5t hi\u1ec7n tr\u00ean Smart AiCare, \u0111\u01b0\u1ee3c g\u1eedi tr\u1ef1c ti\u1ebfp \u0111\u1ebfn tr\u00ecnh duy\u1ec7t c\u1ee7a ng\u01b0\u1eddi d\u00f9ng. H\u1ecd t\u1ef1 \u0111\u1ed9ng nh\u1eadn \u0111\u1ecba ch\u1ec9 IP c\u1ee7a b\u1ea1n khi \u0111i\u1ec1u n\u00e0y x\u1ea3y ra. Nh\u1eefng c\u00f4ng ngh\u1ec7 n\u00e0y \u0111\u01b0\u1ee3c s\u1eed d\u1ee5ng \u0111\u1ec3 \u0111o l\u01b0\u1eddng t\u00ednh hi\u1ec7u qu\u1ea3 c\u1ee7a c\u00e1c chi\u1ebfn d\u1ecbch qu\u1ea3ng c\u00e1o c\u1ee7a h\u1ecd v\u00e0\/ho\u1eb7c \u0111\u1ec3 c\u00e1 nh\u00e2n h\u00f3a n\u1ed9i dung qu\u1ea3ng c\u00e1o m\u00e0 b\u1ea1n th\u1ea5y tr\u00ean c\u00e1c trang web m\u00e0 b\u1ea1n truy c\u1eadp.<\/p>\n\n\n\n<p>L\u01b0u \u00fd r\u1eb1ng Smart AiCare kh\u00f4ng c\u00f3 quy\u1ec1n truy c\u1eadp ho\u1eb7c ki\u1ec3m so\u00e1t c\u00e1c cookie n\u00e0y \u0111\u01b0\u1ee3c c\u00e1c nh\u00e0 qu\u1ea3ng c\u00e1o b\u00ean th\u1ee9 ba s\u1eed d\u1ee5ng.<\/p>\n\n\n\n<h3 class=\"wp-block-heading\"><strong>Ch\u00ednh s\u00e1ch b\u1ea3o m\u1eadt c\u1ee7a b\u00ean th\u1ee9 ba<\/strong><\/h3>\n\n\n\n<p>Ch\u00ednh s\u00e1ch quy\u1ec1n ri\u00eang t\u01b0 c\u1ee7a Smart AiCare kh\u00f4ng \u00e1p d\u1ee5ng cho c\u00e1c nh\u00e0 qu\u1ea3ng c\u00e1o ho\u1eb7c trang web kh\u00e1c. V\u00ec v\u1eady, ch\u00fang t\u00f4i khuy\u00ean b\u1ea1n n\u00ean tham kh\u1ea3o Ch\u00ednh s\u00e1ch quy\u1ec1n ri\u00eang t\u01b0 t\u01b0\u01a1ng \u1ee9ng c\u1ee7a c\u00e1c m\u00e1y ch\u1ee7 qu\u1ea3ng c\u00e1o b\u00ean th\u1ee9 ba n\u00e0y \u0111\u1ec3 bi\u1ebft th\u00eam th\u00f4ng tin chi ti\u1ebft. N\u00f3 c\u00f3 th\u1ec3 bao g\u1ed3m c\u00e1c th\u00f4ng l\u1ec7 v\u00e0 h\u01b0\u1edbng d\u1eabn c\u1ee7a h\u1ecd v\u1ec1 c\u00e1ch t\u1eeb ch\u1ed1i m\u1ed9t s\u1ed1 t\u00f9y ch\u1ecdn nh\u1ea5t \u0111\u1ecbnh.<\/p>\n\n\n\n<p>B\u1ea1n c\u00f3 th\u1ec3 ch\u1ecdn t\u1eaft cookie th\u00f4ng qua c\u00e1c t\u00f9y ch\u1ecdn tr\u00ecnh duy\u1ec7t c\u00e1 nh\u00e2n c\u1ee7a m\u00ecnh. \u0110\u1ec3 bi\u1ebft th\u00f4ng tin chi ti\u1ebft h\u01a1n v\u1ec1 qu\u1ea3n l\u00fd cookie v\u1edbi c\u00e1c tr\u00ecnh duy\u1ec7t web c\u1ee5 th\u1ec3, b\u1ea1n c\u00f3 th\u1ec3 t\u00ecm th\u1ea5y th\u00f4ng tin n\u00e0y t\u1ea1i c\u00e1c trang web t\u01b0\u01a1ng \u1ee9ng c\u1ee7a tr\u00ecnh duy\u1ec7t.<\/p>\n\n\n\n<h3 class=\"wp-block-heading\"><strong>Quy\u1ec1n ri\u00eang t\u01b0 c\u1ee7a CCPA (Kh\u00f4ng b\u00e1n th\u00f4ng tin c\u00e1 nh\u00e2n c\u1ee7a t\u00f4i)<\/strong><\/h3>\n\n\n\n<p>Theo CCPA, c\u00f9ng v\u1edbi c\u00e1c quy\u1ec1n kh\u00e1c, ng\u01b0\u1eddi ti\u00eau d\u00f9ng California c\u00f3 quy\u1ec1n:<\/p>\n\n\n\n<p>Y\u00eau c\u1ea7u doanh nghi\u1ec7p thu th\u1eadp d\u1eef li\u1ec7u c\u00e1 nh\u00e2n c\u1ee7a ng\u01b0\u1eddi ti\u00eau d\u00f9ng ti\u1ebft l\u1ed9 c\u00e1c danh m\u1ee5c v\u00e0 ph\u1ea7n d\u1eef li\u1ec7u c\u00e1 nh\u00e2n c\u1ee5 th\u1ec3 m\u00e0 doanh nghi\u1ec7p \u0111\u00e3 thu th\u1eadp v\u1ec1 ng\u01b0\u1eddi ti\u00eau d\u00f9ng.<\/p>\n\n\n\n<p>Y\u00eau c\u1ea7u doanh nghi\u1ec7p x\u00f3a m\u1ecdi d\u1eef li\u1ec7u c\u00e1 nh\u00e2n v\u1ec1 ng\u01b0\u1eddi ti\u00eau d\u00f9ng m\u00e0 doanh nghi\u1ec7p \u0111\u00e3 thu th\u1eadp.<\/p>\n\n\n\n<p>Y\u00eau c\u1ea7u doanh nghi\u1ec7p b\u00e1n d\u1eef li\u1ec7u c\u00e1 nh\u00e2n c\u1ee7a ng\u01b0\u1eddi ti\u00eau d\u00f9ng ch\u1ee9 kh\u00f4ng ph\u1ea3i b\u00e1n d\u1eef li\u1ec7u c\u00e1 nh\u00e2n c\u1ee7a ng\u01b0\u1eddi ti\u00eau d\u00f9ng.<\/p>\n\n\n\n<p>N\u1ebfu b\u1ea1n \u0111\u01b0a ra y\u00eau c\u1ea7u, ch\u00fang t\u00f4i c\u00f3 m\u1ed9t th\u00e1ng \u0111\u1ec3 tr\u1ea3 l\u1eddi b\u1ea1n. N\u1ebfu b\u1ea1n mu\u1ed1n th\u1ef1c hi\u1ec7n b\u1ea5t k\u1ef3 quy\u1ec1n n\u00e0o trong s\u1ed1 n\u00e0y, vui l\u00f2ng li\u00ean h\u1ec7 v\u1edbi ch\u00fang t\u00f4i.<\/p>\n\n\n\n<h3 class=\"wp-block-heading\"><strong>Quy\u1ec1n b\u1ea3o v\u1ec7 d\u1eef li\u1ec7u GDPR<\/strong><\/h3>\n\n\n\n<p>Ch\u00fang t\u00f4i mu\u1ed1n \u0111\u1ea3m b\u1ea3o r\u1eb1ng b\u1ea1n nh\u1eadn th\u1ee9c \u0111\u1ea7y \u0111\u1ee7 v\u1ec1 t\u1ea5t c\u1ea3 c\u00e1c quy\u1ec1n b\u1ea3o v\u1ec7 d\u1eef li\u1ec7u c\u1ee7a m\u00ecnh. M\u1ecdi ng\u01b0\u1eddi d\u00f9ng \u0111\u1ec1u \u0111\u01b0\u1ee3c h\u01b0\u1edfng c\u00e1c quy\u1ec1n sau:<\/p>\n\n\n\n<p>Quy\u1ec1n truy c\u1eadp \u2013 B\u1ea1n c\u00f3 quy\u1ec1n y\u00eau c\u1ea7u b\u1ea3n sao d\u1eef li\u1ec7u c\u00e1 nh\u00e2n c\u1ee7a m\u00ecnh. Ch\u00fang t\u00f4i c\u00f3 th\u1ec3 t\u00ednh cho b\u1ea1n m\u1ed9t kho\u1ea3n ph\u00ed nh\u1ecf cho d\u1ecbch v\u1ee5 n\u00e0y.<\/p>\n\n\n\n<p>Quy\u1ec1n c\u1ea3i ch\u00ednh \u2013 B\u1ea1n c\u00f3 quy\u1ec1n y\u00eau c\u1ea7u ch\u00fang t\u00f4i s\u1eeda b\u1ea5t k\u1ef3 th\u00f4ng tin n\u00e0o b\u1ea1n cho l\u00e0 kh\u00f4ng ch\u00ednh x\u00e1c. B\u1ea1n c\u0169ng c\u00f3 quy\u1ec1n y\u00eau c\u1ea7u ch\u00fang t\u00f4i ho\u00e0n thi\u1ec7n nh\u1eefng th\u00f4ng tin m\u00e0 b\u1ea1n cho r\u1eb1ng ch\u01b0a \u0111\u1ea7y \u0111\u1ee7.<\/p>\n\n\n\n<p>Quy\u1ec1n x\u00f3a \u2013 B\u1ea1n c\u00f3 quy\u1ec1n y\u00eau c\u1ea7u ch\u00fang t\u00f4i x\u00f3a d\u1eef li\u1ec7u c\u00e1 nh\u00e2n c\u1ee7a b\u1ea1n, trong m\u1ed9t s\u1ed1 \u0111i\u1ec1u ki\u1ec7n nh\u1ea5t \u0111\u1ecbnh.<\/p>\n\n\n\n<p>Quy\u1ec1n h\u1ea1n ch\u1ebf x\u1eed l\u00fd \u2013 B\u1ea1n c\u00f3 quy\u1ec1n y\u00eau c\u1ea7u ch\u00fang t\u00f4i h\u1ea1n ch\u1ebf x\u1eed l\u00fd d\u1eef li\u1ec7u c\u00e1 nh\u00e2n c\u1ee7a b\u1ea1n, trong m\u1ed9t s\u1ed1 \u0111i\u1ec1u ki\u1ec7n nh\u1ea5t \u0111\u1ecbnh.<\/p>\n\n\n\n<p>Quy\u1ec1n ph\u1ea3n \u0111\u1ed1i vi\u1ec7c x\u1eed l\u00fd \u2013 B\u1ea1n c\u00f3 quy\u1ec1n ph\u1ea3n \u0111\u1ed1i vi\u1ec7c ch\u00fang t\u00f4i x\u1eed l\u00fd d\u1eef li\u1ec7u c\u00e1 nh\u00e2n c\u1ee7a b\u1ea1n, trong m\u1ed9t s\u1ed1 \u0111i\u1ec1u ki\u1ec7n nh\u1ea5t \u0111\u1ecbnh.<\/p>\n\n\n\n<p>Quy\u1ec1n di chuy\u1ec3n d\u1eef li\u1ec7u \u2013 B\u1ea1n c\u00f3 quy\u1ec1n y\u00eau c\u1ea7u ch\u00fang t\u00f4i chuy\u1ec3n d\u1eef li\u1ec7u m\u00e0 ch\u00fang t\u00f4i \u0111\u00e3 thu th\u1eadp cho m\u1ed9t t\u1ed5 ch\u1ee9c kh\u00e1c ho\u1eb7c tr\u1ef1c ti\u1ebfp cho b\u1ea1n, theo m\u1ed9t s\u1ed1 \u0111i\u1ec1u ki\u1ec7n nh\u1ea5t \u0111\u1ecbnh.<\/p>\n\n\n\n<p>N\u1ebfu b\u1ea1n \u0111\u01b0a ra y\u00eau c\u1ea7u, ch\u00fang t\u00f4i c\u00f3 m\u1ed9t th\u00e1ng \u0111\u1ec3 tr\u1ea3 l\u1eddi b\u1ea1n. N\u1ebfu b\u1ea1n mu\u1ed1n th\u1ef1c hi\u1ec7n b\u1ea5t k\u1ef3 quy\u1ec1n n\u00e0o trong s\u1ed1 n\u00e0y, vui l\u00f2ng li\u00ean h\u1ec7 v\u1edbi ch\u00fang t\u00f4i.<\/p>\n\n\n\n<h3 class=\"wp-block-heading\"><strong>Th\u00f4ng tin tr\u1ebb em<\/strong><\/h3>\n\n\n\n<p>M\u1ed9t ph\u1ea7n \u01b0u ti\u00ean kh\u00e1c c\u1ee7a ch\u00fang t\u00f4i l\u00e0 t\u0103ng c\u01b0\u1eddng b\u1ea3o v\u1ec7 tr\u1ebb em khi s\u1eed d\u1ee5ng Internet. Ch\u00fang t\u00f4i khuy\u1ebfn kh\u00edch ph\u1ee5 huynh v\u00e0 ng\u01b0\u1eddi gi\u00e1m h\u1ed9 quan s\u00e1t, tham gia v\u00e0\/ho\u1eb7c gi\u00e1m s\u00e1t v\u00e0 h\u01b0\u1edbng d\u1eabn ho\u1ea1t \u0111\u1ed9ng tr\u1ef1c tuy\u1ebfn c\u1ee7a h\u1ecd.<\/p>\n\n\n\n<p>Smart AiCare kh\u00f4ng c\u1ed1 \u00fd thu th\u1eadp b\u1ea5t k\u1ef3 Th\u00f4ng tin nh\u1eadn d\u1ea1ng c\u00e1 nh\u00e2n n\u00e0o t\u1eeb tr\u1ebb em d\u01b0\u1edbi 13 tu\u1ed5i. N\u1ebfu b\u1ea1n cho r\u1eb1ng con b\u1ea1n \u0111\u00e3 cung c\u1ea5p lo\u1ea1i th\u00f4ng tin n\u00e0y tr\u00ean trang web c\u1ee7a ch\u00fang t\u00f4i, ch\u00fang t\u00f4i \u0111\u1eb7c bi\u1ec7t khuy\u1ebfn kh\u00edch b\u1ea1n li\u00ean h\u1ec7 v\u1edbi ch\u00fang t\u00f4i ngay l\u1eadp t\u1ee9c v\u00e0 ch\u00fang t\u00f4i s\u1ebd n\u1ed7 l\u1ef1c h\u1ebft s\u1ee9c \u0111\u1ec3 k\u1ecbp th\u1eddi cung c\u1ea5p th\u00f4ng tin \u0111\u00f3. x\u00f3a th\u00f4ng tin \u0111\u00f3 kh\u1ecfi h\u1ed3 s\u01a1 c\u1ee7a ch\u00fang t\u00f4i.<\/p>","protected":false},"excerpt":{"rendered":"<p>At Smart AiCare, accessible from www.smartaicar.com, one of our main priorities is the privacy of our visitors. This Privacy Policy [&hellip;]<\/p>","protected":false},"author":1,"featured_media":0,"parent":0,"menu_order":0,"comment_status":"closed","ping_status":"closed","template":"","meta":{"_acf_changed":false,"site-sidebar-layout":"default","site-content-layout":"","ast-site-content-layout":"","site-content-style":"default","site-sidebar-style":"default","ast-global-header-display":"","ast-banner-title-visibility":"","ast-main-header-display":"","ast-hfb-above-header-display":"","ast-hfb-below-header-display":"","ast-hfb-mobile-header-display":"","site-post-title":"","ast-breadcrumbs-content":"","ast-featured-img":"","footer-sml-layout":"","theme-transparent-header-meta":"","adv-header-id-meta":"","stick-header-meta":"","header-above-stick-meta":"","header-main-stick-meta":"","header-below-stick-meta":"","astra-migrate-meta-layouts":"default","ast-page-background-enabled":"default","ast-page-background-meta":{"desktop":{"background-color":"var(--ast-global-color-4)","background-image":"","background-repeat":"repeat","background-position":"center center","background-size":"auto","background-attachment":"scroll","background-type":"","background-media":"","overlay-type":"","overlay-color":"","overlay-gradient":""},"tablet":{"background-color":"","background-image":"","background-repeat":"repeat","background-position":"center center","background-size":"auto","background-attachment":"scroll","background-type":"","background-media":"","overlay-type":"","overlay-color":"","overlay-gradient":""},"mobile":{"background-color":"","background-image":"","background-repeat":"repeat","background-position":"center center","background-size":"auto","background-attachment":"scroll","background-type":"","background-media":"","overlay-type":"","overlay-color":"","overlay-gradient":""}},"ast-content-background-meta":{"desktop":{"background-color":"var(--ast-global-color-5)","background-image":"","background-repeat":"repeat","background-position":"center center","background-size":"auto","background-attachment":"scroll","background-type":"","background-media":"","overlay-type":"","overlay-color":"","overlay-gradient":""},"tablet":{"background-color":"var(--ast-global-color-5)","background-image":"","background-repeat":"repeat","background-position":"center center","background-size":"auto","background-attachment":"scroll","background-type":"","background-media":"","overlay-type":"","overlay-color":"","overlay-gradient":""},"mobile":{"background-color":"var(--ast-global-color-5)","background-image":"","background-repeat":"repeat","background-position":"center center","background-size":"auto","background-attachment":"scroll","background-type":"","background-media":"","overlay-type":"","overlay-color":"","overlay-gradient":""}},"footnotes":""},"acf":[],"_links":{"self":[{"href":"https:\/\/www.smartaicare.com\/vi\/wp-json\/wp\/v2\/pages\/3"}],"collection":[{"href":"https:\/\/www.smartaicare.com\/vi\/wp-json\/wp\/v2\/pages"}],"about":[{"href":"https:\/\/www.smartaicare.com\/vi\/wp-json\/wp\/v2\/types\/page"}],"author":[{"embeddable":true,"href":"https:\/\/www.smartaicare.com\/vi\/wp-json\/wp\/v2\/users\/1"}],"replies":[{"embeddable":true,"href":"https:\/\/www.smartaicare.com\/vi\/wp-json\/wp\/v2\/comments?post=3"}],"version-history":[{"count":0,"href":"https:\/\/www.smartaicare.com\/vi\/wp-json\/wp\/v2\/pages\/3\/revisions"}],"wp:attachment":[{"href":"https:\/\/www.smartaicare.com\/vi\/wp-json\/wp\/v2\/media?parent=3"}],"curies":[{"name":"wp","href":"https:\/\/api.w.org\/{rel}","templated":true}]}}