{"id":484,"date":"2024-01-18T19:35:58","date_gmt":"2024-01-18T19:35:58","guid":{"rendered":"https:\/\/www.smartaicare.com\/?page_id=484"},"modified":"2024-01-18T19:35:58","modified_gmt":"2024-01-18T19:35:58","slug":"terms-and-conditions","status":"publish","type":"page","link":"https:\/\/www.smartaicare.com\/vi\/terms-and-conditions\/","title":{"rendered":"C\u00c1C \u0110I\u1ec0U KHO\u1ea2N V\u00c0 \u0110I\u1ec0U KI\u1ec6N"},"content":{"rendered":"<p>Ch\u00e0o m\u1eebng \u0111\u1ebfn v\u1edbi Smart AiCare!<\/p>\n\n\n\n<p>C\u00e1c \u0111i\u1ec1u kho\u1ea3n v\u00e0 \u0111i\u1ec1u ki\u1ec7n n\u00e0y ph\u00e1c th\u1ea3o c\u00e1c quy t\u1eafc v\u00e0 quy \u0111\u1ecbnh v\u1ec1 vi\u1ec7c s\u1eed d\u1ee5ng Trang web Smart AiCare, c\u00f3 t\u1ea1i www.smartaicare.com.<\/p>\n\n\n\n<p>B\u1eb1ng c\u00e1ch truy c\u1eadp trang web n\u00e0y, ch\u00fang t\u00f4i coi nh\u01b0 b\u1ea1n ch\u1ea5p nh\u1eadn c\u00e1c \u0111i\u1ec1u kho\u1ea3n v\u00e0 \u0111i\u1ec1u ki\u1ec7n n\u00e0y. Kh\u00f4ng ti\u1ebfp t\u1ee5c s\u1eed d\u1ee5ng Smart AiCare n\u1ebfu b\u1ea1n kh\u00f4ng \u0111\u1ed3ng \u00fd th\u1ef1c hi\u1ec7n t\u1ea5t c\u1ea3 c\u00e1c \u0111i\u1ec1u kho\u1ea3n v\u00e0 \u0111i\u1ec1u ki\u1ec7n \u0111\u01b0\u1ee3c n\u00eau tr\u00ean trang n\u00e0y.<\/p>\n\n\n\n<p>Thu\u1eadt ng\u1eef sau \u0111\u00e2y \u00e1p d\u1ee5ng cho c\u00e1c \u0110i\u1ec1u kho\u1ea3n v\u00e0 \u0110i\u1ec1u ki\u1ec7n n\u00e0y, Tuy\u00ean b\u1ed1 v\u1ec1 quy\u1ec1n ri\u00eang t\u01b0 v\u00e0 Th\u00f4ng b\u00e1o t\u1eeb ch\u1ed1i tr\u00e1ch nhi\u1ec7m c\u0169ng nh\u01b0 t\u1ea5t c\u1ea3 c\u00e1c Th\u1ecfa thu\u1eadn: \u201cKh\u00e1ch h\u00e0ng\u201d, \u201cB\u1ea1n\u201d v\u00e0 \u201cC\u1ee7a b\u1ea1n\u201d \u0111\u1ec1 c\u1eadp \u0111\u1ebfn b\u1ea1n, ng\u01b0\u1eddi \u0111\u0103ng nh\u1eadp v\u00e0o trang web n\u00e0y v\u00e0 tu\u00e2n th\u1ee7 c\u00e1c \u0111i\u1ec1u kho\u1ea3n v\u00e0 \u0111i\u1ec1u ki\u1ec7n c\u1ee7a C\u00f4ng ty. \u201cC\u00f4ng ty\u201d, \u201cB\u1ea3n th\u00e2n ch\u00fang t\u00f4i\u201d, \u201cCh\u00fang t\u00f4i\u201d, \u201cC\u1ee7a ch\u00fang t\u00f4i\u201d v\u00e0 \u201cCh\u00fang t\u00f4i\u201d, \u0111\u1ec1 c\u1eadp \u0111\u1ebfn C\u00f4ng ty c\u1ee7a ch\u00fang t\u00f4i. \u201cB\u00ean\u201d, \u201cC\u00e1c b\u00ean\u201d ho\u1eb7c \u201cCh\u00fang t\u00f4i\u201d, \u0111\u1ec1 c\u1eadp \u0111\u1ebfn c\u1ea3 Kh\u00e1ch h\u00e0ng v\u00e0 ch\u00ednh ch\u00fang t\u00f4i. T\u1ea5t c\u1ea3 c\u00e1c \u0111i\u1ec1u kho\u1ea3n \u0111\u1ec1 c\u1eadp \u0111\u1ebfn vi\u1ec7c \u0111\u1ec1 ngh\u1ecb, ch\u1ea5p nh\u1eadn v\u00e0 xem x\u00e9t thanh to\u00e1n c\u1ea7n thi\u1ebft \u0111\u1ec3 th\u1ef1c hi\u1ec7n qu\u00e1 tr\u00ecnh h\u1ed7 tr\u1ee3 c\u1ee7a ch\u00fang t\u00f4i cho Kh\u00e1ch h\u00e0ng theo c\u00e1ch ph\u00f9 h\u1ee3p nh\u1ea5t nh\u1eb1m m\u1ee5c \u0111\u00edch r\u00f5 r\u00e0ng l\u00e0 \u0111\u00e1p \u1ee9ng nhu c\u1ea7u c\u1ee7a Kh\u00e1ch h\u00e0ng v\u1ec1 vi\u1ec7c cung c\u1ea5p c\u00e1c d\u1ecbch v\u1ee5 \u0111\u00e3 n\u00eau c\u1ee7a C\u00f4ng ty, theo quy \u0111\u1ecbnh t\u1ea1i v\u00e0 tu\u00e2n theo lu\u1eadt ph\u00e1p hi\u1ec7n h\u00e0nh c\u1ee7a H\u00e0 Lan. B\u1ea5t k\u1ef3 vi\u1ec7c s\u1eed d\u1ee5ng thu\u1eadt ng\u1eef tr\u00ean ho\u1eb7c c\u00e1c t\u1eeb kh\u00e1c \u1edf s\u1ed1 \u00edt, s\u1ed1 nhi\u1ec1u, vi\u1ebft hoa v\u00e0\/ho\u1eb7c anh \u1ea5y\/c\u00f4 \u1ea5y ho\u1eb7c h\u1ecd, \u0111\u1ec1u \u0111\u01b0\u1ee3c coi l\u00e0 c\u00f3 th\u1ec3 thay th\u1ebf cho nhau v\u00e0 do \u0111\u00f3 \u0111\u01b0\u1ee3c coi l\u00e0 gi\u1ed1ng nhau.<\/p>\n\n\n\n<h3 class=\"wp-block-heading\"><strong>B\u00e1nh quy<\/strong><\/h3>\n\n\n\n<p>Ch\u00fang t\u00f4i s\u1eed d\u1ee5ng vi\u1ec7c s\u1eed d\u1ee5ng cookie. B\u1eb1ng vi\u1ec7c truy c\u1eadp Smart AiCare, b\u1ea1n \u0111\u00e3 \u0111\u1ed3ng \u00fd s\u1eed d\u1ee5ng cookie theo Ch\u00ednh s\u00e1ch quy\u1ec1n ri\u00eang t\u01b0 c\u1ee7a Smart AiCare.<\/p>\n\n\n\n<p>H\u1ea7u h\u1ebft c\u00e1c trang web t\u01b0\u01a1ng t\u00e1c \u0111\u1ec1u s\u1eed d\u1ee5ng cookie \u0111\u1ec3 cho ph\u00e9p ch\u00fang t\u00f4i truy xu\u1ea5t th\u00f4ng tin chi ti\u1ebft c\u1ee7a ng\u01b0\u1eddi d\u00f9ng cho m\u1ed7i l\u1ea7n truy c\u1eadp. Trang web c\u1ee7a ch\u00fang t\u00f4i s\u1eed d\u1ee5ng cookie \u0111\u1ec3 k\u00edch ho\u1ea1t ch\u1ee9c n\u0103ng c\u1ee7a m\u1ed9t s\u1ed1 khu v\u1ef1c nh\u1ea5t \u0111\u1ecbnh nh\u1eb1m gi\u00fap m\u1ecdi ng\u01b0\u1eddi truy c\u1eadp trang web c\u1ee7a ch\u00fang t\u00f4i d\u1ec5 d\u00e0ng h\u01a1n. M\u1ed9t s\u1ed1 \u0111\u1ed1i t\u00e1c li\u00ean k\u1ebft\/qu\u1ea3ng c\u00e1o c\u1ee7a ch\u00fang t\u00f4i c\u0169ng c\u00f3 th\u1ec3 s\u1eed d\u1ee5ng cookie.<\/p>\n\n\n\n<h3 class=\"wp-block-heading\"><strong>Gi\u1ea5y ph\u00e9p<\/strong><\/h3>\n\n\n\n<p>Tr\u1eeb khi c\u00f3 quy \u0111\u1ecbnh kh\u00e1c, Smart AiCare v\u00e0\/ho\u1eb7c ng\u01b0\u1eddi c\u1ea5p ph\u00e9p c\u1ee7a Smart AiCare s\u1edf h\u1eefu quy\u1ec1n s\u1edf h\u1eefu tr\u00ed tu\u1ec7 \u0111\u1ed1i v\u1edbi t\u1ea5t c\u1ea3 t\u00e0i li\u1ec7u tr\u00ean Smart AiCare. T\u1ea5t c\u1ea3 c\u00e1c quy\u1ec1n s\u1edf h\u1eefu tr\u00ed tu\u1ec7 \u0111\u1ec1u \u0111\u01b0\u1ee3c b\u1ea3o l\u01b0u. B\u1ea1n c\u00f3 th\u1ec3 truy c\u1eadp th\u00f4ng tin n\u00e0y t\u1eeb Smart AiCare cho m\u1ee5c \u0111\u00edch s\u1eed d\u1ee5ng c\u00e1 nh\u00e2n c\u1ee7a ri\u00eang m\u00ecnh v\u1edbi c\u00e1c h\u1ea1n ch\u1ebf \u0111\u01b0\u1ee3c \u0111\u1eb7t ra trong c\u00e1c \u0111i\u1ec1u kho\u1ea3n v\u00e0 \u0111i\u1ec1u ki\u1ec7n n\u00e0y.<\/p>\n\n\n\n<p>Ba\u0323n kh\u00f4ng \u0111\u01b0\u01a1\u0323c:<\/p>\n\n\n\n<ul>\n<li>T\u00e1i xu\u1ea5t b\u1ea3n t\u00e0i li\u1ec7u t\u1eeb Smart AiCare.<\/li>\n\n\n\n<li>B\u00e1n, thu\u00ea ho\u1eb7c c\u1ea5p gi\u1ea5y ph\u00e9p ph\u1ee5 cho t\u00e0i li\u1ec7u t\u1eeb Smart AiCare.<\/li>\n\n\n\n<li>T\u00e1i s\u1ea3n xu\u1ea5t, sao ch\u00e9p ho\u1eb7c sao ch\u00e9p t\u00e0i li\u1ec7u t\u1eeb Smart AiCare.<\/li>\n\n\n\n<li>Ph\u00e2n ph\u1ed1i l\u1ea1i n\u1ed9i dung t\u1eeb Smart AiCare.<\/li>\n<\/ul>\n\n\n\n<p>Th\u1ecfa thu\u1eadn n\u00e0y s\u1ebd b\u1eaft \u0111\u1ea7u v\u00e0o ng\u00e0y \u1edf \u0111\u00e2y.<\/p>\n\n\n\n<p>C\u00e1c ph\u1ea7n c\u1ee7a trang web n\u00e0y t\u1ea1o c\u01a1 h\u1ed9i cho ng\u01b0\u1eddi d\u00f9ng \u0111\u0103ng v\u00e0 trao \u0111\u1ed5i \u00fd ki\u1ebfn c\u0169ng nh\u01b0 th\u00f4ng tin trong m\u1ed9t s\u1ed1 khu v\u1ef1c nh\u1ea5t \u0111\u1ecbnh c\u1ee7a trang web. Smart AiCare kh\u00f4ng l\u1ecdc, ch\u1ec9nh s\u1eeda, xu\u1ea5t b\u1ea3n ho\u1eb7c \u0111\u00e1nh gi\u00e1 Nh\u1eadn x\u00e9t tr\u01b0\u1edbc khi ch\u00fang xu\u1ea5t hi\u1ec7n tr\u00ean trang web. C\u00e1c b\u00ecnh lu\u1eadn kh\u00f4ng ph\u1ea3n \u00e1nh quan \u0111i\u1ec3m v\u00e0 \u00fd ki\u1ebfn c\u1ee7a Smart AiCare. \u0111\u1ea1i l\u00fd v\u00e0\/ho\u1eb7c chi nh\u00e1nh c\u1ee7a n\u00f3. B\u00ecnh lu\u1eadn ph\u1ea3n \u00e1nh quan \u0111i\u1ec3m, \u00fd ki\u1ebfn c\u1ee7a ng\u01b0\u1eddi \u0111\u0103ng quan \u0111i\u1ec3m, \u00fd ki\u1ebfn c\u1ee7a m\u00ecnh. Trong ph\u1ea1m vi \u0111\u01b0\u1ee3c lu\u1eadt ph\u00e1p hi\u1ec7n h\u00e0nh cho ph\u00e9p, Smart AiCare s\u1ebd kh\u00f4ng ch\u1ecbu tr\u00e1ch nhi\u1ec7m v\u1ec1 Nh\u1eadn x\u00e9t ho\u1eb7c v\u1ec1 b\u1ea5t k\u1ef3 tr\u00e1ch nhi\u1ec7m ph\u00e1p l\u00fd, thi\u1ec7t h\u1ea1i ho\u1eb7c chi ph\u00ed n\u00e0o g\u00e2y ra v\u00e0\/ho\u1eb7c ph\u1ea3i g\u00e1nh ch\u1ecbu do vi\u1ec7c s\u1eed d\u1ee5ng v\u00e0\/ho\u1eb7c \u0111\u0103ng v\u00e0\/ho\u1eb7c xu\u1ea5t hi\u1ec7n c\u1ee7a Nh\u1eadn x\u00e9t tr\u00ean Trang web n\u00e0y.<\/p>\n\n\n\n<p>Smart AiCare c\u00f3 quy\u1ec1n gi\u00e1m s\u00e1t t\u1ea5t c\u1ea3 c\u00e1c Nh\u1eadn x\u00e9t v\u00e0 x\u00f3a b\u1ea5t k\u1ef3 Nh\u1eadn x\u00e9t n\u00e0o c\u00f3 th\u1ec3 b\u1ecb coi l\u00e0 kh\u00f4ng ph\u00f9 h\u1ee3p, mang t\u00ednh x\u00fac ph\u1ea1m ho\u1eb7c vi ph\u1ea1m c\u00e1c \u0110i\u1ec1u kho\u1ea3n v\u00e0 \u0110i\u1ec1u ki\u1ec7n n\u00e0y.<\/p>\n\n\n\n<p>B\u1ea1n b\u1ea3o \u0111\u1ea3m v\u00e0 tuy\u00ean b\u1ed1 r\u1eb1ng:<\/p>\n\n\n\n<ul>\n<li>B\u1ea1n c\u00f3 quy\u1ec1n \u0111\u0103ng Nh\u1eadn x\u00e9t tr\u00ean trang web c\u1ee7a ch\u00fang t\u00f4i v\u00e0 c\u00f3 t\u1ea5t c\u1ea3 c\u00e1c gi\u1ea5y ph\u00e9p v\u00e0 s\u1ef1 \u0111\u1ed3ng \u00fd c\u1ea7n thi\u1ebft \u0111\u1ec3 l\u00e0m nh\u01b0 v\u1eady;<\/li>\n\n\n\n<li>Nh\u1eadn x\u00e9t kh\u00f4ng x\u00e2m ph\u1ea1m b\u1ea5t k\u1ef3 quy\u1ec1n s\u1edf h\u1eefu tr\u00ed tu\u1ec7 n\u00e0o, bao g\u1ed3m nh\u01b0ng kh\u00f4ng gi\u1edbi h\u1ea1n b\u1ea3n quy\u1ec1n, b\u1eb1ng s\u00e1ng ch\u1ebf ho\u1eb7c nh\u00e3n hi\u1ec7u c\u1ee7a b\u1ea5t k\u1ef3 b\u00ean th\u1ee9 ba n\u00e0o;<\/li>\n\n\n\n<li>Nh\u1eadn x\u00e9t kh\u00f4ng ch\u1ee9a b\u1ea5t k\u1ef3 t\u00e0i li\u1ec7u ph\u1ec9 b\u00e1ng, b\u00f4i nh\u1ecd, x\u00fac ph\u1ea1m, kh\u00f4ng \u0111\u1ee9ng \u0111\u1eafn ho\u1eb7c tr\u00e1i ph\u00e1p lu\u1eadt n\u00e0o x\u00e2m ph\u1ea1m quy\u1ec1n ri\u00eang t\u01b0<\/li>\n\n\n\n<li>Nh\u1eadn x\u00e9t s\u1ebd kh\u00f4ng \u0111\u01b0\u1ee3c s\u1eed d\u1ee5ng \u0111\u1ec3 thu h\u00fat ho\u1eb7c qu\u1ea3ng b\u00e1 ho\u1ea1t \u0111\u1ed9ng kinh doanh ho\u1eb7c t\u1eadp qu\u00e1n ho\u1eb7c tr\u00ecnh b\u00e0y c\u00e1c ho\u1ea1t \u0111\u1ed9ng th\u01b0\u01a1ng m\u1ea1i ho\u1eb7c ho\u1ea1t \u0111\u1ed9ng b\u1ea5t h\u1ee3p ph\u00e1p.<\/li>\n<\/ul>\n\n\n\n<p>Theo \u0111\u00e2y, b\u1ea1n c\u1ea5p cho Smart AiCare gi\u1ea5y ph\u00e9p kh\u00f4ng \u0111\u1ed9c quy\u1ec1n \u0111\u1ec3 s\u1eed d\u1ee5ng, sao ch\u00e9p, ch\u1ec9nh s\u1eeda v\u00e0 \u1ee7y quy\u1ec1n cho ng\u01b0\u1eddi kh\u00e1c s\u1eed d\u1ee5ng, sao ch\u00e9p v\u00e0 ch\u1ec9nh s\u1eeda b\u1ea5t k\u1ef3 Nh\u1eadn x\u00e9t n\u00e0o c\u1ee7a b\u1ea1n d\u01b0\u1edbi m\u1ecdi h\u00ecnh th\u1ee9c, \u0111\u1ecbnh d\u1ea1ng ho\u1eb7c ph\u01b0\u01a1ng ti\u1ec7n.<\/p>\n\n\n\n<h2 class=\"wp-block-heading\"><strong>Si\u00eau li\u00ean k\u1ebft \u0111\u1ebfn n\u1ed9i dung c\u1ee7a ch\u00fang t\u00f4i<\/strong><\/h2>\n\n\n\n<p>C\u00e1c t\u1ed5 ch\u1ee9c sau \u0111\u00e2y c\u00f3 th\u1ec3 li\u00ean k\u1ebft \u0111\u1ebfn Trang web c\u1ee7a ch\u00fang t\u00f4i m\u00e0 kh\u00f4ng c\u1ea7n c\u00f3 s\u1ef1 ch\u1ea5p thu\u1eadn tr\u01b0\u1edbc b\u1eb1ng v\u0103n b\u1ea3n:<\/p>\n\n\n\n<ul>\n<li>C\u01a1 quan ch\u00ednh ph\u1ee7;<\/li>\n\n\n\n<li>C\u00f4ng c\u1ee5 t\u00ecm ki\u1ebfm;<\/li>\n\n\n\n<li>C\u00e1c t\u1ed5 ch\u1ee9c tin t\u1ee9c;<\/li>\n\n\n\n<li>C\u00e1c nh\u00e0 ph\u00e2n ph\u1ed1i danh m\u1ee5c tr\u1ef1c tuy\u1ebfn c\u00f3 th\u1ec3 li\u00ean k\u1ebft \u0111\u1ebfn Trang web c\u1ee7a ch\u00fang t\u00f4i theo c\u00e1ch t\u01b0\u01a1ng t\u1ef1 nh\u01b0 c\u00e1ch h\u1ecd si\u00eau li\u00ean k\u1ebft \u0111\u1ebfn Trang web c\u1ee7a c\u00e1c doanh nghi\u1ec7p \u0111\u01b0\u1ee3c li\u1ec7t k\u00ea kh\u00e1c; V\u00e0<\/li>\n\n\n\n<li>C\u00e1c Doanh nghi\u1ec7p \u0111\u01b0\u1ee3c c\u00f4ng nh\u1eadn tr\u00ean to\u00e0n h\u1ec7 th\u1ed1ng ngo\u1ea1i tr\u1eeb vi\u1ec7c thu h\u00fat c\u00e1c t\u1ed5 ch\u1ee9c phi l\u1ee3i nhu\u1eadn, trung t\u00e2m mua s\u1eafm t\u1eeb thi\u1ec7n v\u00e0 c\u00e1c nh\u00f3m g\u00e2y qu\u1ef9 t\u1eeb thi\u1ec7n kh\u00f4ng \u0111\u01b0\u1ee3c li\u00ean k\u1ebft \u0111\u1ebfn trang Web c\u1ee7a ch\u00fang t\u00f4i.<\/li>\n<\/ul>\n\n\n\n<p>C\u00e1c t\u1ed5 ch\u1ee9c n\u00e0y c\u00f3 th\u1ec3 li\u00ean k\u1ebft \u0111\u1ebfn trang ch\u1ee7 c\u1ee7a ch\u00fang t\u00f4i, t\u1edbi c\u00e1c \u1ea5n ph\u1ea9m ho\u1eb7c t\u1edbi th\u00f4ng tin Trang web kh\u00e1c mi\u1ec5n l\u00e0 li\u00ean k\u1ebft \u0111\u00f3: (a) kh\u00f4ng l\u1eeba \u0111\u1ea3o d\u01b0\u1edbi b\u1ea5t k\u1ef3 h\u00ecnh th\u1ee9c n\u00e0o; (b) kh\u00f4ng ng\u1ee5 \u00fd t\u00e0i tr\u1ee3, ch\u1ee9ng th\u1ef1c ho\u1eb7c ph\u00ea duy\u1ec7t c\u1ee7a b\u00ean li\u00ean k\u1ebft v\u00e0 c\u00e1c s\u1ea3n ph\u1ea9m v\u00e0\/ho\u1eb7c d\u1ecbch v\u1ee5 c\u1ee7a b\u00ean \u0111\u00f3; v\u00e0 (c) ph\u00f9 h\u1ee3p v\u1edbi b\u1ed1i c\u1ea3nh trang web c\u1ee7a b\u00ean li\u00ean k\u1ebft.<\/p>\n\n\n\n<p>Ch\u00fang t\u00f4i c\u00f3 th\u1ec3 xem x\u00e9t v\u00e0 ph\u00ea duy\u1ec7t c\u00e1c y\u00eau c\u1ea7u li\u00ean k\u1ebft kh\u00e1c t\u1eeb c\u00e1c lo\u1ea1i t\u1ed5 ch\u1ee9c sau:<\/p>\n\n\n\n<ul>\n<li>ngu\u1ed3n th\u00f4ng tin ng\u01b0\u1eddi ti\u00eau d\u00f9ng v\u00e0\/ho\u1eb7c doanh nghi\u1ec7p th\u01b0\u1eddng \u0111\u01b0\u1ee3c bi\u1ebft \u0111\u1ebfn;<\/li>\n\n\n\n<li>c\u00e1c trang c\u1ed9ng \u0111\u1ed3ng dot.com;<\/li>\n\n\n\n<li>hi\u1ec7p h\u1ed9i ho\u1eb7c nh\u00f3m kh\u00e1c \u0111\u1ea1i di\u1ec7n cho t\u1ed5 ch\u1ee9c t\u1eeb thi\u1ec7n;<\/li>\n\n\n\n<li>nh\u00e0 ph\u00e2n ph\u1ed1i th\u01b0 m\u1ee5c tr\u1ef1c tuy\u1ebfn;<\/li>\n\n\n\n<li>c\u1ed5ng internet;<\/li>\n\n\n\n<li>c\u00e1c c\u00f4ng ty k\u1ebf to\u00e1n, lu\u1eadt v\u00e0 t\u01b0 v\u1ea5n; V\u00e0<\/li>\n\n\n\n<li>c\u01a1 s\u1edf gi\u00e1o d\u1ee5c v\u00e0 hi\u1ec7p h\u1ed9i th\u01b0\u01a1ng m\u1ea1i.<\/li>\n<\/ul>\n\n\n\n<p>Ch\u00fang t\u00f4i s\u1ebd ch\u1ea5p thu\u1eadn c\u00e1c y\u00eau c\u1ea7u li\u00ean k\u1ebft t\u1eeb c\u00e1c t\u1ed5 ch\u1ee9c n\u00e0y n\u1ebfu ch\u00fang t\u00f4i quy\u1ebft \u0111\u1ecbnh r\u1eb1ng: (a) li\u00ean k\u1ebft \u0111\u00f3 s\u1ebd kh\u00f4ng khi\u1ebfn ch\u00fang t\u00f4i c\u00f3 \u1ea5n t\u01b0\u1ee3ng b\u1ea5t l\u1ee3i \u0111\u1ed1i v\u1edbi ch\u00ednh ch\u00fang t\u00f4i ho\u1eb7c \u0111\u1ed1i v\u1edbi c\u00e1c doanh nghi\u1ec7p \u0111\u01b0\u1ee3c c\u00f4ng nh\u1eadn c\u1ee7a ch\u00fang t\u00f4i; (b) t\u1ed5 ch\u1ee9c kh\u00f4ng c\u00f3 b\u1ea5t k\u1ef3 h\u1ed3 s\u01a1 ti\u00eau c\u1ef1c n\u00e0o v\u1edbi ch\u00fang t\u00f4i; (c) l\u1ee3i \u00edch mang l\u1ea1i cho ch\u00fang t\u00f4i t\u1eeb kh\u1ea3 n\u0103ng hi\u1ec3n th\u1ecb c\u1ee7a si\u00eau li\u00ean k\u1ebft s\u1ebd b\u00f9 \u0111\u1eafp cho s\u1ef1 v\u1eafng m\u1eb7t c\u1ee7a Smart AiCare; v\u00e0 (d) li\u00ean k\u1ebft n\u1eb1m trong b\u1ed1i c\u1ea3nh th\u00f4ng tin ngu\u1ed3n chung.<\/p>\n\n\n\n<p>C\u00e1c t\u1ed5 ch\u1ee9c n\u00e0y c\u00f3 th\u1ec3 li\u00ean k\u1ebft \u0111\u1ebfn trang ch\u1ee7 c\u1ee7a ch\u00fang t\u00f4i mi\u1ec5n l\u00e0 li\u00ean k\u1ebft \u0111\u00f3: (a) kh\u00f4ng l\u1eeba \u0111\u1ea3o d\u01b0\u1edbi b\u1ea5t k\u1ef3 h\u00ecnh th\u1ee9c n\u00e0o; (b) kh\u00f4ng ng\u1ee5 \u00fd t\u00e0i tr\u1ee3, ch\u1ee9ng th\u1ef1c ho\u1eb7c ph\u00ea duy\u1ec7t c\u1ee7a b\u00ean li\u00ean k\u1ebft v\u00e0 c\u00e1c s\u1ea3n ph\u1ea9m ho\u1eb7c d\u1ecbch v\u1ee5 c\u1ee7a b\u00ean \u0111\u00f3; v\u00e0 (c) ph\u00f9 h\u1ee3p v\u1edbi b\u1ed1i c\u1ea3nh trang web c\u1ee7a b\u00ean li\u00ean k\u1ebft.<\/p>\n\n\n\n<p>N\u1ebfu b\u1ea1n l\u00e0 m\u1ed9t trong nh\u1eefng t\u1ed5 ch\u1ee9c \u0111\u01b0\u1ee3c li\u1ec7t k\u00ea trong \u0111o\u1ea1n 2 \u1edf tr\u00ean v\u00e0 mu\u1ed1n li\u00ean k\u1ebft \u0111\u1ebfn trang web c\u1ee7a ch\u00fang t\u00f4i, b\u1ea1n ph\u1ea3i th\u00f4ng b\u00e1o cho ch\u00fang t\u00f4i b\u1eb1ng c\u00e1ch g\u1eedi e-mail \u0111\u1ebfn Smart AiCare. Vui l\u00f2ng bao g\u1ed3m t\u00ean, t\u00ean t\u1ed5 ch\u1ee9c c\u1ee7a b\u1ea1n, th\u00f4ng tin li\u00ean h\u1ec7 c\u0169ng nh\u01b0 URL trang web c\u1ee7a b\u1ea1n, danh s\u00e1ch b\u1ea5t k\u1ef3 URL n\u00e0o m\u00e0 b\u1ea1n d\u1ef1 \u0111\u1ecbnh li\u00ean k\u1ebft \u0111\u1ebfn Trang web c\u1ee7a ch\u00fang t\u00f4i v\u00e0 danh s\u00e1ch c\u00e1c URL tr\u00ean trang web c\u1ee7a ch\u00fang t\u00f4i m\u00e0 b\u1ea1n mu\u1ed1n \u0111\u1ebfn li\u00ean k\u1ebft. \u0110\u1ee3i 2-3 tu\u1ea7n \u0111\u1ec3 nh\u1eadn \u0111\u01b0\u1ee3c ph\u1ea3n h\u1ed3i.<\/p>\n\n\n\n<p>C\u00e1c t\u1ed5 ch\u1ee9c \u0111\u01b0\u1ee3c ph\u00ea duy\u1ec7t c\u00f3 th\u1ec3 si\u00eau li\u00ean k\u1ebft \u0111\u1ebfn Trang web c\u1ee7a ch\u00fang t\u00f4i nh\u01b0 sau:<\/p>\n\n\n\n<ul>\n<li>B\u1eb1ng c\u00e1ch s\u1eed d\u1ee5ng t\u00ean c\u00f4ng ty c\u1ee7a ch\u00fang t\u00f4i; ho\u1eb7c<\/li>\n\n\n\n<li>B\u1eb1ng c\u00e1ch s\u1eed d\u1ee5ng b\u1ed9 \u0111\u1ecbnh v\u1ecb t\u00e0i nguy\u00ean th\u1ed1ng nh\u1ea5t \u0111\u01b0\u1ee3c li\u00ean k\u1ebft t\u1edbi; ho\u1eb7c<\/li>\n\n\n\n<li>B\u1eb1ng c\u00e1ch s\u1eed d\u1ee5ng b\u1ea5t k\u1ef3 m\u00f4 t\u1ea3 n\u00e0o kh\u00e1c v\u1ec1 Trang web c\u1ee7a ch\u00fang t\u00f4i \u0111\u01b0\u1ee3c li\u00ean k\u1ebft \u0111\u1ebfn, \u0111i\u1ec1u \u0111\u00f3 c\u00f3 \u00fd ngh\u0129a trong b\u1ed1i c\u1ea3nh v\u00e0 \u0111\u1ecbnh d\u1ea1ng n\u1ed9i dung tr\u00ean trang web c\u1ee7a b\u00ean li\u00ean k\u1ebft.<\/li>\n<\/ul>\n\n\n\n<p>Kh\u00f4ng \u0111\u01b0\u1ee3c ph\u00e9p s\u1eed d\u1ee5ng logo c\u1ee7a Smart AiCare ho\u1eb7c t\u00e1c ph\u1ea9m ngh\u1ec7 thu\u1eadt kh\u00e1c \u0111\u1ec3 li\u00ean k\u1ebft m\u00e0 kh\u00f4ng c\u00f3 th\u1ecfa thu\u1eadn c\u1ea5p ph\u00e9p nh\u00e3n hi\u1ec7u.<\/p>\n\n\n\n<h3 class=\"wp-block-heading\"><strong>iFrame<\/strong><\/h3>\n\n\n\n<p>N\u1ebfu kh\u00f4ng c\u00f3 s\u1ef1 ch\u1ea5p thu\u1eadn tr\u01b0\u1edbc v\u00e0 cho ph\u00e9p b\u1eb1ng v\u0103n b\u1ea3n, b\u1ea1n kh\u00f4ng \u0111\u01b0\u1ee3c t\u1ea1o c\u00e1c khung xung quanh c\u00e1c Trang web c\u1ee7a ch\u00fang t\u00f4i \u0111\u1ec3 thay \u0111\u1ed5i c\u00e1ch tr\u00ecnh b\u00e0y tr\u1ef1c quan ho\u1eb7c di\u1ec7n m\u1ea1o c\u1ee7a Trang web c\u1ee7a ch\u00fang t\u00f4i.<\/p>\n\n\n\n<h3 class=\"wp-block-heading\"><strong>Tr\u00e1ch nhi\u1ec7m n\u1ed9i dung<\/strong><\/h3>\n\n\n\n<p>Ch\u00fang t\u00f4i s\u1ebd kh\u00f4ng ch\u1ecbu tr\u00e1ch nhi\u1ec7m v\u1ec1 b\u1ea5t k\u1ef3 n\u1ed9i dung n\u00e0o xu\u1ea5t hi\u1ec7n tr\u00ean Trang web c\u1ee7a b\u1ea1n. B\u1ea1n \u0111\u1ed3ng \u00fd b\u1ea3o v\u1ec7 v\u00e0 b\u1ea3o v\u1ec7 ch\u00fang t\u00f4i tr\u01b0\u1edbc m\u1ecdi khi\u1ebfu n\u1ea1i \u0111ang gia t\u0103ng tr\u00ean Trang web c\u1ee7a b\u1ea1n. Kh\u00f4ng (c\u00e1c) li\u00ean k\u1ebft n\u00e0o \u0111\u01b0\u1ee3c xu\u1ea5t hi\u1ec7n tr\u00ean b\u1ea5t k\u1ef3 Trang web n\u00e0o c\u00f3 th\u1ec3 \u0111\u01b0\u1ee3c hi\u1ec3u l\u00e0 b\u00f4i nh\u1ecd, t\u1ee5c t\u0129u ho\u1eb7c t\u1ed9i ph\u1ea1m ho\u1eb7c vi ph\u1ea1m, n\u00f3i c\u00e1ch kh\u00e1c l\u00e0 vi ph\u1ea1m ho\u1eb7c \u1ee7ng h\u1ed9 h\u00e0nh vi x\u00e2m ph\u1ea1m ho\u1eb7c vi ph\u1ea1m kh\u00e1c \u0111\u1ed1i v\u1edbi b\u1ea5t k\u1ef3 quy\u1ec1n n\u00e0o c\u1ee7a b\u00ean th\u1ee9 ba.<\/p>\n\n\n\n<h3 class=\"wp-block-heading\"><strong>Quy\u1ec1n ri\u00eang t\u01b0 c\u1ee7a b\u1ea1n<\/strong><\/h3>\n\n\n\n<p>Vui l\u00f2ng \u0111\u1ecdc Ch\u00ednh s\u00e1ch quy\u1ec1n ri\u00eang t\u01b0<\/p>\n\n\n\n<h3 class=\"wp-block-heading\"><strong>B\u1ea3o l\u01b0u quy\u1ec1n<\/strong><\/h3>\n\n\n\n<p>Ch\u00fang t\u00f4i c\u00f3 quy\u1ec1n y\u00eau c\u1ea7u b\u1ea1n x\u00f3a t\u1ea5t c\u1ea3 c\u00e1c li\u00ean k\u1ebft ho\u1eb7c b\u1ea5t k\u1ef3 li\u00ean k\u1ebft c\u1ee5 th\u1ec3 n\u00e0o t\u1edbi Trang web c\u1ee7a ch\u00fang t\u00f4i. B\u1ea1n ch\u1ea5p thu\u1eadn x\u00f3a ngay l\u1eadp t\u1ee9c t\u1ea5t c\u1ea3 c\u00e1c li\u00ean k\u1ebft \u0111\u1ebfn Trang web c\u1ee7a ch\u00fang t\u00f4i theo y\u00eau c\u1ea7u. Ch\u00fang t\u00f4i c\u0169ng c\u00f3 quy\u1ec1n s\u1eeda \u0111\u1ed5i c\u00e1c \u0111i\u1ec1u kho\u1ea3n v\u00e0 \u0111i\u1ec1u ki\u1ec7n n\u00e0y c\u0169ng nh\u01b0 ch\u00ednh s\u00e1ch li\u00ean k\u1ebft c\u1ee7a n\u00f3 b\u1ea5t c\u1ee9 l\u00fac n\u00e0o. B\u1eb1ng c\u00e1ch li\u00ean t\u1ee5c li\u00ean k\u1ebft \u0111\u1ebfn Trang web c\u1ee7a ch\u00fang t\u00f4i, b\u1ea1n \u0111\u1ed3ng \u00fd b\u1ecb r\u00e0ng bu\u1ed9c v\u00e0 tu\u00e2n theo c\u00e1c \u0111i\u1ec1u kho\u1ea3n v\u00e0 \u0111i\u1ec1u ki\u1ec7n li\u00ean k\u1ebft n\u00e0y.<\/p>\n\n\n\n<h3 class=\"wp-block-heading\"><strong>X\u00f3a c\u00e1c li\u00ean k\u1ebft kh\u1ecfi trang web c\u1ee7a ch\u00fang t\u00f4i<\/strong><\/h3>\n\n\n\n<p>N\u1ebfu b\u1ea1n t\u00ecm th\u1ea5y b\u1ea5t k\u1ef3 li\u00ean k\u1ebft n\u00e0o tr\u00ean Trang web c\u1ee7a ch\u00fang t\u00f4i mang t\u00ednh x\u00fac ph\u1ea1m v\u00ec b\u1ea5t k\u1ef3 l\u00fd do g\u00ec, b\u1ea1n c\u00f3 th\u1ec3 li\u00ean h\u1ec7 v\u00e0 th\u00f4ng b\u00e1o cho ch\u00fang t\u00f4i b\u1ea5t c\u1ee9 l\u00fac n\u00e0o. Ch\u00fang t\u00f4i s\u1ebd xem x\u00e9t c\u00e1c y\u00eau c\u1ea7u x\u00f3a li\u00ean k\u1ebft nh\u01b0ng ch\u00fang t\u00f4i kh\u00f4ng c\u00f3 ngh\u0129a v\u1ee5 ph\u1ea3i tr\u1ea3 l\u1eddi tr\u1ef1c ti\u1ebfp cho b\u1ea1n.<\/p>\n\n\n\n<p>Ch\u00fang t\u00f4i kh\u00f4ng \u0111\u1ea3m b\u1ea3o r\u1eb1ng th\u00f4ng tin tr\u00ean trang web n\u00e0y l\u00e0 ch\u00ednh x\u00e1c, ch\u00fang t\u00f4i kh\u00f4ng \u0111\u1ea3m b\u1ea3o t\u00ednh \u0111\u1ea7y \u0111\u1ee7 ho\u1eb7c ch\u00ednh x\u00e1c c\u1ee7a n\u00f3; ch\u00fang t\u00f4i c\u0169ng kh\u00f4ng h\u1ee9a \u0111\u1ea3m b\u1ea3o r\u1eb1ng trang web v\u1eabn c\u00f3 s\u1eb5n ho\u1eb7c t\u00e0i li\u1ec7u tr\u00ean trang web \u0111\u01b0\u1ee3c c\u1eadp nh\u1eadt.<\/p>\n\n\n\n<h3 class=\"wp-block-heading\"><strong>Tuy\u00ean b\u1ed1 mi\u1ec5n tr\u1eeb tr\u00e1ch nhi\u1ec7m<\/strong><\/h3>\n\n\n\n<p>Trong ph\u1ea1m vi t\u1ed1i \u0111a \u0111\u01b0\u1ee3c ph\u00e1p lu\u1eadt hi\u1ec7n h\u00e0nh cho ph\u00e9p, ch\u00fang t\u00f4i lo\u1ea1i tr\u1eeb m\u1ecdi tuy\u00ean b\u1ed1, b\u1ea3o \u0111\u1ea3m v\u00e0 \u0111i\u1ec1u ki\u1ec7n li\u00ean quan \u0111\u1ebfn trang web c\u1ee7a ch\u00fang t\u00f4i v\u00e0 vi\u1ec7c s\u1eed d\u1ee5ng trang web n\u00e0y. Kh\u00f4ng c\u00f3 g\u00ec trong tuy\u00ean b\u1ed1 t\u1eeb ch\u1ed1i tr\u00e1ch nhi\u1ec7m n\u00e0y s\u1ebd:<\/p>\n\n\n\n<ul>\n<li>gi\u1edbi h\u1ea1n ho\u1eb7c lo\u1ea1i tr\u1eeb tr\u00e1ch nhi\u1ec7m ph\u00e1p l\u00fd c\u1ee7a ch\u00fang t\u00f4i ho\u1eb7c c\u1ee7a b\u1ea1n \u0111\u1ed1i v\u1edbi tr\u01b0\u1eddng h\u1ee3p t\u1eed vong ho\u1eb7c th\u01b0\u01a1ng t\u00edch c\u00e1 nh\u00e2n;<\/li>\n\n\n\n<li>gi\u1edbi h\u1ea1n ho\u1eb7c lo\u1ea1i tr\u1eeb tr\u00e1ch nhi\u1ec7m ph\u00e1p l\u00fd c\u1ee7a ch\u00fang t\u00f4i ho\u1eb7c c\u1ee7a b\u1ea1n \u0111\u1ed1i v\u1edbi h\u00e0nh vi gian l\u1eadn ho\u1eb7c xuy\u00ean t\u1ea1c mang t\u00ednh gian l\u1eadn;<\/li>\n\n\n\n<li>gi\u1edbi h\u1ea1n b\u1ea5t k\u1ef3 tr\u00e1ch nhi\u1ec7m ph\u00e1p l\u00fd n\u00e0o c\u1ee7a ch\u00fang t\u00f4i ho\u1eb7c c\u1ee7a b\u1ea1n theo b\u1ea5t k\u1ef3 c\u00e1ch n\u00e0o kh\u00f4ng \u0111\u01b0\u1ee3c ph\u00e9p theo lu\u1eadt hi\u1ec7n h\u00e0nh; ho\u1eb7c<\/li>\n\n\n\n<li>lo\u1ea1i tr\u1eeb b\u1ea5t k\u1ef3 tr\u00e1ch nhi\u1ec7m ph\u00e1p l\u00fd n\u00e0o c\u1ee7a ch\u00fang t\u00f4i ho\u1eb7c c\u1ee7a b\u1ea1n m\u00e0 c\u00f3 th\u1ec3 kh\u00f4ng \u0111\u01b0\u1ee3c lo\u1ea1i tr\u1eeb theo lu\u1eadt hi\u1ec7n h\u00e0nh.<\/li>\n<\/ul>\n\n\n\n<p>C\u00e1c gi\u1edbi h\u1ea1n v\u00e0 c\u1ea5m tr\u00e1ch nhi\u1ec7m ph\u00e1p l\u00fd \u0111\u01b0\u1ee3c n\u00eau trong Ph\u1ea7n n\u00e0y v\u00e0 c\u00e1c ph\u1ea7n kh\u00e1c trong tuy\u00ean b\u1ed1 t\u1eeb ch\u1ed1i tr\u00e1ch nhi\u1ec7m n\u00e0y: (a) tu\u00e2n theo \u0111o\u1ea1n tr\u01b0\u1edbc; v\u00e0 (b) chi ph\u1ed1i t\u1ea5t c\u1ea3 c\u00e1c tr\u00e1ch nhi\u1ec7m ph\u00e1p l\u00fd ph\u00e1t sinh theo tuy\u00ean b\u1ed1 t\u1eeb ch\u1ed1i tr\u00e1ch nhi\u1ec7m, bao g\u1ed3m c\u00e1c tr\u00e1ch nhi\u1ec7m ph\u00e1p l\u00fd ph\u00e1t sinh trong h\u1ee3p \u0111\u1ed3ng, sai l\u1ea7m c\u00e1 nh\u00e2n v\u00e0 vi ph\u1ea1m ngh\u0129a v\u1ee5 theo lu\u1eadt \u0111\u1ecbnh.<\/p>\n\n\n\n<p>Mi\u1ec5n l\u00e0 trang web c\u0169ng nh\u01b0 th\u00f4ng tin v\u00e0 d\u1ecbch v\u1ee5 tr\u00ean trang web \u0111\u01b0\u1ee3c cung c\u1ea5p mi\u1ec5n ph\u00ed, ch\u00fang t\u00f4i s\u1ebd kh\u00f4ng ch\u1ecbu tr\u00e1ch nhi\u1ec7m v\u1ec1 b\u1ea5t k\u1ef3 t\u1ed5n th\u1ea5t ho\u1eb7c thi\u1ec7t h\u1ea1i n\u00e0o d\u01b0\u1edbi b\u1ea5t k\u1ef3 h\u00ecnh th\u1ee9c n\u00e0o.<\/p>","protected":false},"excerpt":{"rendered":"<p>Welcome to Smart AiCare! These terms and conditions outline the rules and regulations for the use of Smart AiCare Website, [&hellip;]<\/p>","protected":false},"author":1,"featured_media":0,"parent":0,"menu_order":0,"comment_status":"closed","ping_status":"closed","template":"","meta":{"_acf_changed":false,"site-sidebar-layout":"default","site-content-layout":"","ast-site-content-layout":"","site-content-style":"default","site-sidebar-style":"default","ast-global-header-display":"","ast-banner-title-visibility":"","ast-main-header-display":"","ast-hfb-above-header-display":"","ast-hfb-below-header-display":"","ast-hfb-mobile-header-display":"","site-post-title":"","ast-breadcrumbs-content":"","ast-featured-img":"","footer-sml-layout":"","theme-transparent-header-meta":"","adv-header-id-meta":"","stick-header-meta":"","header-above-stick-meta":"","header-main-stick-meta":"","header-below-stick-meta":"","astra-migrate-meta-layouts":"default","ast-page-background-enabled":"default","ast-page-background-meta":{"desktop":{"background-color":"var(--ast-global-color-4)","background-image":"","background-repeat":"repeat","background-position":"center center","background-size":"auto","background-attachment":"scroll","background-type":"","background-media":"","overlay-type":"","overlay-color":"","overlay-gradient":""},"tablet":{"background-color":"","background-image":"","background-repeat":"repeat","background-position":"center center","background-size":"auto","background-attachment":"scroll","background-type":"","background-media":"","overlay-type":"","overlay-color":"","overlay-gradient":""},"mobile":{"background-color":"","background-image":"","background-repeat":"repeat","background-position":"center center","background-size":"auto","background-attachment":"scroll","background-type":"","background-media":"","overlay-type":"","overlay-color":"","overlay-gradient":""}},"ast-content-background-meta":{"desktop":{"background-color":"var(--ast-global-color-5)","background-image":"","background-repeat":"repeat","background-position":"center center","background-size":"auto","background-attachment":"scroll","background-type":"","background-media":"","overlay-type":"","overlay-color":"","overlay-gradient":""},"tablet":{"background-color":"var(--ast-global-color-5)","background-image":"","background-repeat":"repeat","background-position":"center center","background-size":"auto","background-attachment":"scroll","background-type":"","background-media":"","overlay-type":"","overlay-color":"","overlay-gradient":""},"mobile":{"background-color":"var(--ast-global-color-5)","background-image":"","background-repeat":"repeat","background-position":"center center","background-size":"auto","background-attachment":"scroll","background-type":"","background-media":"","overlay-type":"","overlay-color":"","overlay-gradient":""}},"footnotes":""},"acf":[],"_links":{"self":[{"href":"https:\/\/www.smartaicare.com\/vi\/wp-json\/wp\/v2\/pages\/484"}],"collection":[{"href":"https:\/\/www.smartaicare.com\/vi\/wp-json\/wp\/v2\/pages"}],"about":[{"href":"https:\/\/www.smartaicare.com\/vi\/wp-json\/wp\/v2\/types\/page"}],"author":[{"embeddable":true,"href":"https:\/\/www.smartaicare.com\/vi\/wp-json\/wp\/v2\/users\/1"}],"replies":[{"embeddable":true,"href":"https:\/\/www.smartaicare.com\/vi\/wp-json\/wp\/v2\/comments?post=484"}],"version-history":[{"count":0,"href":"https:\/\/www.smartaicare.com\/vi\/wp-json\/wp\/v2\/pages\/484\/revisions"}],"wp:attachment":[{"href":"https:\/\/www.smartaicare.com\/vi\/wp-json\/wp\/v2\/media?parent=484"}],"curies":[{"name":"wp","href":"https:\/\/api.w.org\/{rel}","templated":true}]}}